{"id":138,"date":"2026-03-26T15:22:46","date_gmt":"2026-03-26T07:22:46","guid":{"rendered":"https:\/\/highpressurecleaningmachine.com\/?page_id=138"},"modified":"2026-03-26T18:04:09","modified_gmt":"2026-03-26T10:04:09","slug":"about-us","status":"publish","type":"page","link":"https:\/\/highpressurecleaningmachine.com\/de\/about-us\/","title":{"rendered":"\u00dcber uns"},"content":{"rendered":"<div class=\"gb-element-ad040e8b\">\n<div class=\"gb-element-412bffa0\">\n<div class=\"gb-element-47d32a02\">\n<h1 class=\"gb-text gb-text-ccfac65b\">Ihr globaler Partner f\u00fcr exzellente Industriereinigung<\/h1>\n\n\n\n<p class=\"gb-text gb-text-4b26a7c9\">Hochleistungs-Industrie-Hochdruckl\u00f6sungen, konzipiert f\u00fcr kompromisslose Leistung und maximale Haltbarkeit in jeder Umgebung.<br><br><\/p>\n<\/div>\n<\/div>\n<\/div>\n\n\n\n<div>\n<div class=\"gb-element-7050b58d\">\n<div>\n<div class=\"gb-element-7d2baacd\">\n<div class=\"gb-element-1baae11a\">\n<p class=\"gb-text\">Gegr\u00fcndet im Jahr 2012, verf\u00fcgen wir \u00fcber ein unabh\u00e4ngiges F&amp;E-Team. Als Hightech-Unternehmen, das Forschung &amp; Entwicklung, Produktion und Vertrieb vereint, bieten wir integrierte Ger\u00e4te wie automatische Reinigungsmaschinen, intelligente Reinigungsroboter, Hochdruckreinigungssysteme, Rohrreinigungsmaschinen, Entrostungs- und Reinigungsmaschinen, Aufraumaschinen und Brechroboter an. Wir bieten au\u00dferdem entsprechende technische Unterst\u00fctzung und Dienstleistungen f\u00fcr zahlreiche Bereiche.<\/p>\n<\/div>\n\n\n\n<div>\n<p class=\"gb-text\">. UNSERE GESCHICHTE<\/p>\n\n\n\n<h2 class=\"gb-text gb-text-ec3f956c\">Premium Reinigung f\u00fcr Gewerbe und Privathaushalte.<\/h2>\n<\/div>\n<\/div>\n<\/div>\n<\/div>\n<\/div>\n\n\n\n<div>\n<div class=\"gb-element-85a1bdcf\">\n<div class=\"gb-element-ca57ca91\">\n<img loading=\"lazy\" decoding=\"async\" width=\"1200\" height=\"560\" class=\"gb-media-b7439c34\" alt=\"\" title=\"Hochdruckwasserstrahlreinigung \u00dcber uns\" src=\"https:\/\/highpressurecleaningmachine.com\/wp-content\/uploads\/2026\/03\/hydo-jeting-cleaning-about-us.webp\" srcset=\"https:\/\/highpressurecleaningmachine.com\/wp-content\/uploads\/2026\/03\/hydo-jeting-cleaning-about-us.webp 1200w, https:\/\/highpressurecleaningmachine.com\/wp-content\/uploads\/2026\/03\/hydo-jeting-cleaning-about-us-300x140.webp 300w, https:\/\/highpressurecleaningmachine.com\/wp-content\/uploads\/2026\/03\/hydo-jeting-cleaning-about-us-1024x478.webp 1024w, https:\/\/highpressurecleaningmachine.com\/wp-content\/uploads\/2026\/03\/hydo-jeting-cleaning-about-us-768x358.webp 768w\" sizes=\"auto, (max-width: 1200px) 100vw, 1200px\" \/>\n<\/div>\n<\/div>\n<\/div>\n\n\n\n<div class=\"gb-element-98c6caac\">\n<div class=\"gb-element-9b992c9a\">\n<div class=\"gb-element-b1eb6b4f\">\n<div class=\"gb-element-999948ac\">\n<div>\n<div class=\"gb-element-24524c37\">\n<div class=\"gb-element-096a43c1\">\n<h3 class=\"gb-text gb-text-ca128364\">14<\/h3>\n<\/div>\n\n\n\n<div class=\"gb-element-a060907b\">\n<p class=\"gb-text gb-text-5d1b6237\">Jahre Erfahrung<\/p>\n<\/div>\n<\/div>\n<\/div>\n\n\n\n<div>\n<div class=\"gb-element-0c6cf1cf\">\n<div class=\"gb-element-e4d0b1d6\">\n<h3 class=\"gb-text gb-text-c058d431\">36K<\/h3>\n<\/div>\n\n\n\n<div class=\"gb-element-c91dbd41\">\n<p class=\"gb-text gb-text-9e30ee29\">Zufriedene Kunden<br><\/p>\n<\/div>\n<\/div>\n<\/div>\n\n\n\n<div>\n<div class=\"gb-element-9328fb8c\">\n<div class=\"gb-element-4fe372d2\">\n<h3 class=\"gb-text gb-text-8967e2eb\">15K<\/h3>\n<\/div>\n\n\n\n<div class=\"gb-element-92ce7c1f\">\n<p class=\"gb-text gb-text-90bb1e93\">Abgeschlossene Projekte<br><br><\/p>\n<\/div>\n<\/div>\n<\/div>\n<\/div>\n<\/div>\n\n\n\n<div class=\"gb-element-d58b122e\">\n<p class=\"gb-text\">. UNSER PROZESS<\/p>\n\n\n\n<h2 class=\"gb-text gb-text-f764c4f1\">Unser Engagement f\u00fcr Exzellenz<\/h2>\n\n\n\n<div class=\"gb-element-3a111144\">\n<div class=\"gb-element-1668b838\">\n<h3 class=\"gb-text gb-text-6d7cf783\">Industrielle Leistung<\/h3>\n\n\n\n<p class=\"gb-text gb-text-510cf8f4\">Hochdrucksysteme, entwickelt f\u00fcr die anspruchsvollsten Reinigungsumgebungen, die maximale Effizienz und Zuverl\u00e4ssigkeit gew\u00e4hrleisten.<\/p>\n<\/div>\n\n\n\n<div class=\"gb-element-b04e88e6\">\n<h3 class=\"gb-text gb-text-c5330ebf\">Robuste Langlebigkeit<\/h3>\n\n\n\n<p class=\"gb-text gb-text-fec9e4dc\">Hergestellt mit hochwertigen Komponenten und schweren Rahmen, um kontinuierlichen, hochintensiven Einsatz in Industriesektoren zu widerstehen.<\/p>\n<\/div>\n\n\n\n<div class=\"gb-element-65f04253\">\n<h3 class=\"gb-text gb-text-72368ccb\">Globale Zuverl\u00e4ssigkeit<\/h3>\n\n\n\n<p class=\"gb-text gb-text-98f69988\">Wir sind bestrebt, umfassende technische Unterst\u00fctzung und eine stabile Ersatzteilversorgung f\u00fcr unsere Kunden weltweit bereitzustellen.<\/p>\n<\/div>\n<\/div>\n<\/div>\n<\/div>\n<\/div>\n\n\n\n<div>\n<div class=\"gb-element-709bd6f4\">\n<div>\n<p class=\"gb-text gb-text-9bc84569\">. UNSERE FABRIK<\/p>\n\n\n\n<h2 class=\"gb-text gb-text-266345a0\">Unsere Fabrik<\/h2>\n\n\n\n<p class=\"gb-text gb-text-0d0231a0\">Wir sind stolz auf unseren Kundenservice und unsere schnelle Reaktionszeit. Mit unseren eigenen, werkseitig geschulten Ingenieuren k\u00f6nnen wir alle Arten von industriellen und gewerblichen Hochdruckreinigern warten und reparieren.<\/p>\n\n\n\n<div class=\"gb-element-1fee69ea\">\n<div>\n<img loading=\"lazy\" decoding=\"async\" width=\"583\" height=\"600\" class=\"gb-media-e5eeb560\" alt=\"\" title=\"Hochdruckreinigungsfabrik Besuchen Sie uns jetzt\" src=\"https:\/\/highpressurecleaningmachine.com\/wp-content\/uploads\/2026\/03\/high-pressure-cleaning-factory-visit-us-now.jpg\" srcset=\"https:\/\/highpressurecleaningmachine.com\/wp-content\/uploads\/2026\/03\/high-pressure-cleaning-factory-visit-us-now.jpg 583w, https:\/\/highpressurecleaningmachine.com\/wp-content\/uploads\/2026\/03\/high-pressure-cleaning-factory-visit-us-now-292x300.jpg 292w\" sizes=\"auto, (max-width: 583px) 100vw, 583px\" \/>\n<\/div>\n\n\n\n<div>\n<h3 class=\"gb-text\">Unser Gesch\u00e4ftsbereich<\/h3>\n\n\n\n<p class=\"gb-text\">Wir bieten ein umfangreiches Portfolio mit Industrie-Hochdruckreinigern, Hochdruckpumpen und ma\u00dfgeschneiderter Reinigungssystemintegration. Unsere vielseitig konstruierten L\u00f6sungen bieten maximale Abtragungs- und Reinigungskraft f\u00fcr gro\u00dfe Infrastrukturen (Kraftwerke, Werften) sowie f\u00fcr professionelle private Anwendungen.<\/p>\n\n\n\n<h3 class=\"gb-text\">Unsere Individualisierungsdienstleistungen<\/h3>\n\n\n\n<p class=\"gb-text\">Wir bieten umfassende Individualisierungsdienstleistungen \u2013 von der technischen Planung bis zur Endmontage \u2013 und stellen sicher, dass jede Einheit Ihren spezifischen Druck-, Durchfluss- und Umweltanforderungen entspricht. Durch direkten Versand ab Werk an den Kunden eliminieren wir Zwischenh\u00e4ndlerkosten und gew\u00e4hrleisten die schnellsten Lieferzeiten.<\/p>\n\n\n\n<h3 class=\"gb-text\">Unser Versprechen<\/h3>\n\n\n\n<p class=\"gb-text\">Um maximale Betriebssicherheit zu gew\u00e4hrleisten, sind unsere Hochdruckschl\u00e4uche mit einem Berstdruck konstruiert, der das 2,5- bis 3,5-fache des Nenndrucks betr\u00e4gt. Jede Komponente ist entworfen und getestet, um unter den anspruchsvollsten industriellen Reinigungsbedingungen eine gleichbleibende Leistung zu gew\u00e4hrleisten.<\/p>\n\n\n\n<div class=\"gb-element-f40eecbf\">\n<a class=\"gb-text gb-text-81f15e21\" href=\"#popmake-36\">Kontaktieren Sie uns jetzt<\/a>\n<\/div>\n<\/div>\n<\/div>\n<\/div>\n<\/div>\n<\/div>\n\n\n\n<div class=\"gb-element-bcab1af2\">\n<div class=\"gb-element-915de681\">\n<div>\n<p class=\"gb-text gb-text-d686f35c\">. FRAGEN<\/p>\n\n\n\n<h2 class=\"gb-text gb-text-e002421d\">H\u00e4ufige Fragen \u00fcber uns<\/h2>\n\n\n\n<div class=\"gb-accordion\">\n<div class=\"gb-accordion__item gb-accordion__item-ac254d1a\">\n<div role=\"button\" tabindex=\"0\" class=\"gb-accordion__toggle gb-accordion__toggle-be307a34\" id=\"gb-accordion-toggle-be307a34\">\n<h3 class=\"gb-text\">Sind Sie ein Hersteller oder ein Handelsunternehmen?<\/h3>\n\n\n\n<span class=\"gb-accordion__toggle-icon gb-accordion__toggle-icon-652b0cd4\"><span class=\"gb-accordion__toggle-icon-open\"><svg aria-hidden=\"true\" viewbox=\"0 0 256 256\"><rect width=\"256\" height=\"256\" fill=\"none\" \/><polyline points=\"208 96 128 176 48 96\" fill=\"none\" stroke=\"currentColor\" stroke-linecap=\"round\" stroke-linejoin=\"round\" stroke-width=\"16\" \/><\/svg><\/span><span class=\"gb-accordion__toggle-icon-close\"><svg aria-hidden=\"true\" viewbox=\"0 0 256 256\"><rect width=\"256\" height=\"256\" fill=\"none\" \/><polyline points=\"48 160 128 80 208 160\" fill=\"none\" stroke=\"currentColor\" stroke-linecap=\"round\" stroke-linejoin=\"round\" stroke-width=\"16\" \/><\/svg><\/span><\/span>\n<\/div>\n\n\n\n<div class=\"gb-accordion__content\" id=\"gb-accordion-content-bfde29b0\">\n<div class=\"gb-element-1efd6629\">\n<p class=\"gb-text\">Wir sind ein Hersteller.<\/p>\n<\/div>\n<\/div>\n<\/div>\n\n\n\n<div class=\"gb-accordion__item gb-accordion__item-a7053226\">\n<div role=\"button\" tabindex=\"0\" class=\"gb-accordion__toggle gb-accordion__toggle-ef22dcac\" id=\"gb-accordion-toggle-ef22dcac\">\n<h3 class=\"gb-text gb-text-cad347cd\">Wie ist Ihre Lieferzeit?<\/h3>\n\n\n\n<span class=\"gb-accordion__toggle-icon gb-accordion__toggle-icon-51ecdc09\"><span class=\"gb-accordion__toggle-icon-open\"><svg aria-hidden=\"true\" viewbox=\"0 0 256 256\"><rect width=\"256\" height=\"256\" fill=\"none\" \/><polyline points=\"208 96 128 176 48 96\" fill=\"none\" stroke=\"currentColor\" stroke-linecap=\"round\" stroke-linejoin=\"round\" stroke-width=\"16\" \/><\/svg><\/span><span class=\"gb-accordion__toggle-icon-close\"><svg aria-hidden=\"true\" viewbox=\"0 0 256 256\"><rect width=\"256\" height=\"256\" fill=\"none\" \/><polyline points=\"48 160 128 80 208 160\" fill=\"none\" stroke=\"currentColor\" stroke-linecap=\"round\" stroke-linejoin=\"round\" stroke-width=\"16\" \/><\/svg><\/span><\/span>\n<\/div>\n\n\n\n<div class=\"gb-accordion__content\" id=\"gb-accordion-content-e99a1976\">\n<div class=\"gb-element-1bce80ac\">\n<p class=\"gb-text\">F\u00fcr kleine Maschinen (100 bar ~ 500 bar) arrangieren wir diese in der Regel in etwa 3~5 Tagen. F\u00fcr gro\u00dfe Maschinen (500 bar ~ 1500 bar) arrangieren wir diese in etwa 7~15 Tagen.\u00a0<\/p>\n<\/div>\n<\/div>\n<\/div>\n\n\n\n<div class=\"gb-accordion__item gb-accordion__item-ce069f09\">\n<div role=\"button\" tabindex=\"0\" class=\"gb-accordion__toggle gb-accordion__toggle-e7c87cc7\" id=\"gb-accordion-toggle-e7c87cc7\">\n<h3 class=\"gb-text gb-text-441ecd58\">Kann ich eine Inspektion durchf\u00fchren?\u00a0<\/h3>\n\n\n\n<span class=\"gb-accordion__toggle-icon gb-accordion__toggle-icon-8eb90068\"><span class=\"gb-accordion__toggle-icon-open\"><svg aria-hidden=\"true\" viewbox=\"0 0 256 256\"><rect width=\"256\" height=\"256\" fill=\"none\" \/><polyline points=\"208 96 128 176 48 96\" fill=\"none\" stroke=\"currentColor\" stroke-linecap=\"round\" stroke-linejoin=\"round\" stroke-width=\"16\" \/><\/svg><\/span><span class=\"gb-accordion__toggle-icon-close\"><svg aria-hidden=\"true\" viewbox=\"0 0 256 256\"><rect width=\"256\" height=\"256\" fill=\"none\" \/><polyline points=\"48 160 128 80 208 160\" fill=\"none\" stroke=\"currentColor\" stroke-linecap=\"round\" stroke-linejoin=\"round\" stroke-width=\"16\" \/><\/svg><\/span><\/span>\n<\/div>\n\n\n\n<div class=\"gb-accordion__content\" id=\"gb-accordion-content-8f78ea9e\">\n<div class=\"gb-element-ef946d47\">\n<p class=\"gb-text\">Ja<\/p>\n<\/div>\n<\/div>\n<\/div>\n\n\n\n<div class=\"gb-accordion__item gb-accordion__item-a0b4eb26\">\n<div role=\"button\" tabindex=\"0\" class=\"gb-accordion__toggle gb-accordion__toggle-7307ba06\" id=\"gb-accordion-toggle-7307ba06\">\n<h3 class=\"gb-text gb-text-51de02b1\">Was sind Ihre Zahlungsbedingungen?<\/h3>\n\n\n\n<span class=\"gb-accordion__toggle-icon gb-accordion__toggle-icon-cb9c60ff\"><span class=\"gb-accordion__toggle-icon-open\"><svg aria-hidden=\"true\" viewbox=\"0 0 256 256\"><rect width=\"256\" height=\"256\" fill=\"none\" \/><polyline points=\"208 96 128 176 48 96\" fill=\"none\" stroke=\"currentColor\" stroke-linecap=\"round\" stroke-linejoin=\"round\" stroke-width=\"16\" \/><\/svg><\/span><span class=\"gb-accordion__toggle-icon-close\"><svg aria-hidden=\"true\" viewbox=\"0 0 256 256\"><rect width=\"256\" height=\"256\" fill=\"none\" \/><polyline points=\"48 160 128 80 208 160\" fill=\"none\" stroke=\"currentColor\" stroke-linecap=\"round\" stroke-linejoin=\"round\" stroke-width=\"16\" \/><\/svg><\/span><\/span>\n<\/div>\n\n\n\n<div class=\"gb-accordion__content\" id=\"gb-accordion-content-7fbe1dbe\">\n<div class=\"gb-element-931b419a\">\n<p class=\"gb-text\">T\/T, L\/C, Trade Assurance (\u00fcber Alibaba), Western Union.\u00a0<\/p>\n<\/div>\n<\/div>\n<\/div>\n\n\n\n<div class=\"gb-accordion__item gb-accordion__item-8f290cda\">\n<div role=\"button\" tabindex=\"0\" class=\"gb-accordion__toggle gb-accordion__toggle-9f45591c\" id=\"gb-accordion-toggle-9f45591c\">\n<h3 class=\"gb-text gb-text-30716025\">Versenden Sie direkt ab Werk?<\/h3>\n\n\n\n<span class=\"gb-accordion__toggle-icon gb-accordion__toggle-icon-6c26364e\"><span class=\"gb-accordion__toggle-icon-open\"><svg aria-hidden=\"true\" viewbox=\"0 0 256 256\"><rect width=\"256\" height=\"256\" fill=\"none\" \/><polyline points=\"208 96 128 176 48 96\" fill=\"none\" stroke=\"currentColor\" stroke-linecap=\"round\" stroke-linejoin=\"round\" stroke-width=\"16\" \/><\/svg><\/span><span class=\"gb-accordion__toggle-icon-close\"><svg aria-hidden=\"true\" viewbox=\"0 0 256 256\"><rect width=\"256\" height=\"256\" fill=\"none\" \/><polyline points=\"48 160 128 80 208 160\" fill=\"none\" stroke=\"currentColor\" stroke-linecap=\"round\" stroke-linejoin=\"round\" stroke-width=\"16\" \/><\/svg><\/span><\/span>\n<\/div>\n\n\n\n<div class=\"gb-accordion__content\" id=\"gb-accordion-content-d9a650e7\">\n<div class=\"gb-element-a38bd0ba\">\n<p class=\"gb-text\">Ja, wir bieten direkten Versand ab Werk an den Kunden. Dies eliminiert Zwischenh\u00e4ndlerkosten, gew\u00e4hrleistet die schnellsten Lieferzeiten und garantiert, dass Sie originale Ger\u00e4te direkt von unserer Produktionsst\u00e4tte erhalten.<\/p>\n<\/div>\n<\/div>\n<\/div>\n\n\n\n<div class=\"gb-accordion__item gb-accordion__item-e3a6d419\">\n<div role=\"button\" tabindex=\"0\" class=\"gb-accordion__toggle gb-accordion__toggle-120811a2\" id=\"gb-accordion-toggle-120811a2\">\n<h3 class=\"gb-text gb-text-0ebb7054\">Welche Arten von Motoren oder Energiequellen bieten Sie an?<\/h3>\n\n\n\n<span class=\"gb-accordion__toggle-icon gb-accordion__toggle-icon-84ce29a5\"><span class=\"gb-accordion__toggle-icon-open\"><svg aria-hidden=\"true\" viewbox=\"0 0 256 256\"><rect width=\"256\" height=\"256\" fill=\"none\" \/><polyline points=\"208 96 128 176 48 96\" fill=\"none\" stroke=\"currentColor\" stroke-linecap=\"round\" stroke-linejoin=\"round\" stroke-width=\"16\" \/><\/svg><\/span><span class=\"gb-accordion__toggle-icon-close\"><svg aria-hidden=\"true\" viewbox=\"0 0 256 256\"><rect width=\"256\" height=\"256\" fill=\"none\" \/><polyline points=\"48 160 128 80 208 160\" fill=\"none\" stroke=\"currentColor\" stroke-linecap=\"round\" stroke-linejoin=\"round\" stroke-width=\"16\" \/><\/svg><\/span><\/span>\n<\/div>\n\n\n\n<div class=\"gb-accordion__content\" id=\"gb-accordion-content-97a95b40\">\n<div class=\"gb-element-29f164f5\">\n<p class=\"gb-text\">Wir bieten vielseitige Energieoptionen, einschlie\u00dflich Elektromotoren, Benzinmotoren und Dieselmotoren, um verschiedenen Betriebsumgebungen gerecht zu werden \u2013 egal, ob Sie Zugang zu einem stabilen Stromnetz haben oder eine mobile, unabh\u00e4ngige L\u00f6sung ben\u00f6tigen.<\/p>\n<\/div>\n<\/div>\n<\/div>\n<\/div>\n<\/div>\n\n\n\n<h4 class=\"gb-text gb-text-3ad45bbc\">Noch Fragen? Kontaktieren Sie jetzt unsere Ingenieure.<\/h4>\n<\/div>\n<\/div>\n\n\n\n<div class=\"gb-element-56dd9cd3\">\n<div class=\"gb-element-461c62ce\">\n<div class=\"gb-element-ce1c8943\">\n<h2 class=\"gb-text gb-text-b77016f9\">Bereit, Ihre Reinigungseffizienz zu steigern?<\/h2>\n\n\n\n<p class=\"gb-text gb-text-cd046e06\"><strong>Entdecken Sie die Leistung pr\u00e4zisionsgefertigter Hochdruckl\u00f6sungen.<\/strong><\/p>\n\n\n\n<div class=\"gb-element-b20c235d\">\n<a class=\"gb-text gb-text-5463eb76\" href=\"#popmake-36\"><strong>Kostenloses Angebot anfordern<\/strong><\/a>\n<\/div>\n<\/div>\n<\/div>\n<\/div>\n\n\n\n<p><\/p>","protected":false},"excerpt":{"rendered":"<p>Ihr globaler Partner f\u00fcr herausragende Industriereinigung Hochleistungs-Hochdruckl\u00f6sungen f\u00fcr Industrieanwendungen, entwickelt f\u00fcr kompromisslose Leistung und maximale Haltbarkeit in jeder Umgebung. Gegr\u00fcndet 2012, verf\u00fcgen wir \u00fcber ein unabh\u00e4ngiges F&amp;E-Team. Als High-Tech-Unternehmen mit integrierter Forschung, Entwicklung, Produktion und Vertrieb bieten wir integrierte Ausr\u00fcstungen wie automatische Reinigungsmaschinen, intelligente Reinigungsroboter, Ultrahochdruck-Reinigungssysteme, Rohrleitungsreinigung \u2026 <a title=\"\u00dcber uns\" class=\"read-more\" href=\"https:\/\/highpressurecleaningmachine.com\/de\/about-us\/\" aria-label=\"Mehr Informationen \u00fcber \u00dcber Uns\">Weiterlesen<\/a><\/p>","protected":false},"author":1,"featured_media":0,"parent":0,"menu_order":0,"comment_status":"closed","ping_status":"closed","template":"","meta":{"footnotes":""},"class_list":["post-138","page","type-page","status-publish"],"_links":{"self":[{"href":"https:\/\/highpressurecleaningmachine.com\/de\/wp-json\/wp\/v2\/pages\/138","targetHints":{"allow":["GET"]}}],"collection":[{"href":"https:\/\/highpressurecleaningmachine.com\/de\/wp-json\/wp\/v2\/pages"}],"about":[{"href":"https:\/\/highpressurecleaningmachine.com\/de\/wp-json\/wp\/v2\/types\/page"}],"author":[{"embeddable":true,"href":"https:\/\/highpressurecleaningmachine.com\/de\/wp-json\/wp\/v2\/users\/1"}],"replies":[{"embeddable":true,"href":"https:\/\/highpressurecleaningmachine.com\/de\/wp-json\/wp\/v2\/comments?post=138"}],"version-history":[{"count":9,"href":"https:\/\/highpressurecleaningmachine.com\/de\/wp-json\/wp\/v2\/pages\/138\/revisions"}],"predecessor-version":[{"id":205,"href":"https:\/\/highpressurecleaningmachine.com\/de\/wp-json\/wp\/v2\/pages\/138\/revisions\/205"}],"wp:attachment":[{"href":"https:\/\/highpressurecleaningmachine.com\/de\/wp-json\/wp\/v2\/media?parent=138"}],"curies":[{"name":"wp","href":"https:\/\/api.w.org\/{rel}","templated":true}]}}