{"id":138,"date":"2026-03-26T15:22:46","date_gmt":"2026-03-26T07:22:46","guid":{"rendered":"https:\/\/highpressurecleaningmachine.com\/?page_id=138"},"modified":"2026-03-26T18:04:09","modified_gmt":"2026-03-26T10:04:09","slug":"sobre-nosotros","status":"publish","type":"page","link":"https:\/\/highpressurecleaningmachine.com\/es\/about-us\/","title":{"rendered":"Acerca de Nosotros"},"content":{"rendered":"<div class=\"gb-element-ad040e8b\">\n<div class=\"gb-element-412bffa0\">\n<div class=\"gb-element-47d32a02\">\n<h1 class=\"gb-text gb-text-ccfac65b\">Su Socio Global para la Excelencia en Limpieza Industrial<\/h1>\n\n\n\n<p class=\"gb-text gb-text-4b26a7c9\">Soluciones industriales de alta presi\u00f3n de servicio pesado dise\u00f1adas para un rendimiento sin concesiones y m\u00e1xima durabilidad en cualquier entorno.<br><br><\/p>\n<\/div>\n<\/div>\n<\/div>\n\n\n\n<div>\n<div class=\"gb-element-7050b58d\">\n<div>\n<div class=\"gb-element-7d2baacd\">\n<div class=\"gb-element-1baae11a\">\n<p class=\"gb-text\">Fundada en 2012, contamos con un equipo de I+D independiente. Como empresa de alta tecnolog\u00eda que integra I+D, producci\u00f3n y ventas, ofrecemos equipos integrados como m\u00e1quinas de limpieza autom\u00e1ticas, robots de limpieza inteligentes, sistemas de limpieza de ultra alta presi\u00f3n, m\u00e1quinas de limpieza de tuber\u00edas, m\u00e1quinas de limpieza desoxidantes, m\u00e1quinas de granallado y robots de trituraci\u00f3n. Tambi\u00e9n proporcionamos soporte t\u00e9cnico y servicios correspondientes para m\u00faltiples campos.<\/p>\n<\/div>\n\n\n\n<div>\n<p class=\"gb-text\">. NUESTRA HISTORIA<\/p>\n\n\n\n<h2 class=\"gb-text gb-text-ec3f956c\">Limpieza comercial y residencial de primera calidad.<\/h2>\n<\/div>\n<\/div>\n<\/div>\n<\/div>\n<\/div>\n\n\n\n<div>\n<div class=\"gb-element-85a1bdcf\">\n<div class=\"gb-element-ca57ca91\">\n<img loading=\"lazy\" decoding=\"async\" width=\"1200\" height=\"560\" class=\"gb-media-b7439c34\" alt=\"\" title=\"limpieza con hidrochorro sobre nosotros\" src=\"https:\/\/highpressurecleaningmachine.com\/wp-content\/uploads\/2026\/03\/hydo-jeting-cleaning-about-us.webp\" srcset=\"https:\/\/highpressurecleaningmachine.com\/wp-content\/uploads\/2026\/03\/hydo-jeting-cleaning-about-us.webp 1200w, https:\/\/highpressurecleaningmachine.com\/wp-content\/uploads\/2026\/03\/hydo-jeting-cleaning-about-us-300x140.webp 300w, https:\/\/highpressurecleaningmachine.com\/wp-content\/uploads\/2026\/03\/hydo-jeting-cleaning-about-us-1024x478.webp 1024w, https:\/\/highpressurecleaningmachine.com\/wp-content\/uploads\/2026\/03\/hydo-jeting-cleaning-about-us-768x358.webp 768w\" sizes=\"auto, (max-width: 1200px) 100vw, 1200px\" \/>\n<\/div>\n<\/div>\n<\/div>\n\n\n\n<div class=\"gb-element-98c6caac\">\n<div class=\"gb-element-9b992c9a\">\n<div class=\"gb-element-b1eb6b4f\">\n<div class=\"gb-element-999948ac\">\n<div>\n<div class=\"gb-element-24524c37\">\n<div class=\"gb-element-096a43c1\">\n<h3 class=\"gb-text gb-text-ca128364\">14<\/h3>\n<\/div>\n\n\n\n<div class=\"gb-element-a060907b\">\n<p class=\"gb-text gb-text-5d1b6237\">A\u00f1os de experiencia<\/p>\n<\/div>\n<\/div>\n<\/div>\n\n\n\n<div>\n<div class=\"gb-element-0c6cf1cf\">\n<div class=\"gb-element-e4d0b1d6\">\n<h3 class=\"gb-text gb-text-c058d431\">36K<\/h3>\n<\/div>\n\n\n\n<div class=\"gb-element-c91dbd41\">\n<p class=\"gb-text gb-text-9e30ee29\">Clientes satisfechos<br><\/p>\n<\/div>\n<\/div>\n<\/div>\n\n\n\n<div>\n<div class=\"gb-element-9328fb8c\">\n<div class=\"gb-element-4fe372d2\">\n<h3 class=\"gb-text gb-text-8967e2eb\">15K<\/h3>\n<\/div>\n\n\n\n<div class=\"gb-element-92ce7c1f\">\n<p class=\"gb-text gb-text-90bb1e93\">Proyectos completados<br><br><\/p>\n<\/div>\n<\/div>\n<\/div>\n<\/div>\n<\/div>\n\n\n\n<div class=\"gb-element-d58b122e\">\n<p class=\"gb-text\">. NUESTRO PROCESO<\/p>\n\n\n\n<h2 class=\"gb-text gb-text-f764c4f1\">Nuestro Compromiso con la Excelencia<\/h2>\n\n\n\n<div class=\"gb-element-3a111144\">\n<div class=\"gb-element-1668b838\">\n<h3 class=\"gb-text gb-text-6d7cf783\">Potencia Industrial<\/h3>\n\n\n\n<p class=\"gb-text gb-text-510cf8f4\">Sistemas de alta presi\u00f3n dise\u00f1ados para los entornos de limpieza m\u00e1s exigentes, garantizando la m\u00e1xima eficiencia y fiabilidad.<\/p>\n<\/div>\n\n\n\n<div class=\"gb-element-b04e88e6\">\n<h3 class=\"gb-text gb-text-c5330ebf\">Durabilidad Robusta<\/h3>\n\n\n\n<p class=\"gb-text gb-text-fec9e4dc\">Construidos con componentes premium y estructuras reforzadas para soportar un uso continuo y de alta intensidad en sectores industriales.<\/p>\n<\/div>\n\n\n\n<div class=\"gb-element-65f04253\">\n<h3 class=\"gb-text gb-text-72368ccb\">Fiabilidad Global<\/h3>\n\n\n\n<p class=\"gb-text gb-text-98f69988\">Dedicados a proporcionar asistencia t\u00e9cnica integral y un suministro estable de repuestos para nuestros clientes en todo el mundo.<\/p>\n<\/div>\n<\/div>\n<\/div>\n<\/div>\n<\/div>\n\n\n\n<div>\n<div class=\"gb-element-709bd6f4\">\n<div>\n<p class=\"gb-text gb-text-9bc84569\">. NUESTRA F\u00c1BRICA<\/p>\n\n\n\n<h2 class=\"gb-text gb-text-266345a0\">Nuestra F\u00e1brica<\/h2>\n\n\n\n<p class=\"gb-text gb-text-0d0231a0\">Nos enorgullecemos de nuestro soporte al cliente y nuestra respuesta r\u00e1pida. Utilizando ingenieros formados en nuestra propia f\u00e1brica, podemos dar servicio y reparar todo tipo de limpiadoras de alta presi\u00f3n industriales y comerciales.<\/p>\n\n\n\n<div class=\"gb-element-1fee69ea\">\n<div>\n<img loading=\"lazy\" decoding=\"async\" width=\"583\" height=\"600\" class=\"gb-media-e5eeb560\" alt=\"\" title=\"f\u00e1brica de limpieza de alta presi\u00f3n vis\u00edtenos ahora\" src=\"https:\/\/highpressurecleaningmachine.com\/wp-content\/uploads\/2026\/03\/high-pressure-cleaning-factory-visit-us-now.jpg\" srcset=\"https:\/\/highpressurecleaningmachine.com\/wp-content\/uploads\/2026\/03\/high-pressure-cleaning-factory-visit-us-now.jpg 583w, https:\/\/highpressurecleaningmachine.com\/wp-content\/uploads\/2026\/03\/high-pressure-cleaning-factory-visit-us-now-292x300.jpg 292w\" sizes=\"auto, (max-width: 583px) 100vw, 583px\" \/>\n<\/div>\n\n\n\n<div>\n<h3 class=\"gb-text\">Nuestro \u00e1mbito de negocio<\/h3>\n\n\n\n<p class=\"gb-text\">Ofrecemos un amplio portafolio que incluye lanzadores de agua industriales, bombas de alta presi\u00f3n e integraci\u00f3n de sistemas de limpieza a medida. Dise\u00f1adas para ser vers\u00e1tiles, nuestras soluciones ofrecen la m\u00e1xima potencia de decapado y limpieza tanto para infraestructuras a gran escala (Centrales El\u00e9ctricas, Astilleros) como para uso dom\u00e9stico de grado profesional.<\/p>\n\n\n\n<h3 class=\"gb-text\">Nuestros servicios de personalizaci\u00f3n<\/h3>\n\n\n\n<p class=\"gb-text\">Ofrecemos servicios integrales de personalizaci\u00f3n, desde el dise\u00f1o t\u00e9cnico hasta el ensamblaje final, garantizando que cada unidad cumpla con sus requisitos espec\u00edficos de presi\u00f3n, caudal y entorno. Al proporcionar env\u00edo directo de f\u00e1brica a cliente, eliminamos los costes de intermediarios y aseguramos los plazos de entrega m\u00e1s r\u00e1pidos.<\/p>\n\n\n\n<h3 class=\"gb-text\">Nuestra promesa<\/h3>\n\n\n\n<p class=\"gb-text\">Para garantizar la m\u00e1xima seguridad operativa, nuestras mangueras de alta presi\u00f3n est\u00e1n dise\u00f1adas con una presi\u00f3n de revent\u00f3n que es de 2,5 a 3,5 veces la presi\u00f3n de trabajo nominal. Cada componente est\u00e1 dise\u00f1ado y probado para mantener un rendimiento constante en las condiciones de limpieza industrial m\u00e1s rigurosas.<\/p>\n\n\n\n<div class=\"gb-element-f40eecbf\">\n<a class=\"gb-text gb-text-81f15e21\" href=\"#popmake-36\">Cont\u00e1ctenos ahora<\/a>\n<\/div>\n<\/div>\n<\/div>\n<\/div>\n<\/div>\n<\/div>\n\n\n\n<div class=\"gb-element-bcab1af2\">\n<div class=\"gb-element-915de681\">\n<div>\n<p class=\"gb-text gb-text-d686f35c\">. PREGUNTAS<\/p>\n\n\n\n<h2 class=\"gb-text gb-text-e002421d\">Preguntas Frecuentes Sobre Nosotros<\/h2>\n\n\n\n<div class=\"gb-accordion\">\n<div class=\"gb-accordion__item gb-accordion__item-ac254d1a\">\n<div role=\"button\" tabindex=\"0\" class=\"gb-accordion__toggle gb-accordion__toggle-be307a34\" id=\"gb-accordion-toggle-be307a34\">\n<h3 class=\"gb-text\">\u00bfSon fabricantes o una empresa comercial?<\/h3>\n\n\n\n<span class=\"gb-accordion__toggle-icon gb-accordion__toggle-icon-652b0cd4\"><span class=\"gb-accordion__toggle-icon-open\"><svg aria-hidden=\"true\" viewbox=\"0 0 256 256\"><rect width=\"256\" height=\"256\" fill=\"none\" \/><polyline points=\"208 96 128 176 48 96\" fill=\"none\" stroke=\"currentColor\" stroke-linecap=\"round\" stroke-linejoin=\"round\" stroke-width=\"16\" \/><\/svg><\/span><span class=\"gb-accordion__toggle-icon-close\"><svg aria-hidden=\"true\" viewbox=\"0 0 256 256\"><rect width=\"256\" height=\"256\" fill=\"none\" \/><polyline points=\"48 160 128 80 208 160\" fill=\"none\" stroke=\"currentColor\" stroke-linecap=\"round\" stroke-linejoin=\"round\" stroke-width=\"16\" \/><\/svg><\/span><\/span>\n<\/div>\n\n\n\n<div class=\"gb-accordion__content\" id=\"gb-accordion-content-bfde29b0\">\n<div class=\"gb-element-1efd6629\">\n<p class=\"gb-text\">Somos fabricantes.<\/p>\n<\/div>\n<\/div>\n<\/div>\n\n\n\n<div class=\"gb-accordion__item gb-accordion__item-a7053226\">\n<div role=\"button\" tabindex=\"0\" class=\"gb-accordion__toggle gb-accordion__toggle-ef22dcac\" id=\"gb-accordion-toggle-ef22dcac\">\n<h3 class=\"gb-text gb-text-cad347cd\">\u00bfCu\u00e1l es su tiempo de entrega?<\/h3>\n\n\n\n<span class=\"gb-accordion__toggle-icon gb-accordion__toggle-icon-51ecdc09\"><span class=\"gb-accordion__toggle-icon-open\"><svg aria-hidden=\"true\" viewbox=\"0 0 256 256\"><rect width=\"256\" height=\"256\" fill=\"none\" \/><polyline points=\"208 96 128 176 48 96\" fill=\"none\" stroke=\"currentColor\" stroke-linecap=\"round\" stroke-linejoin=\"round\" stroke-width=\"16\" \/><\/svg><\/span><span class=\"gb-accordion__toggle-icon-close\"><svg aria-hidden=\"true\" viewbox=\"0 0 256 256\"><rect width=\"256\" height=\"256\" fill=\"none\" \/><polyline points=\"48 160 128 80 208 160\" fill=\"none\" stroke=\"currentColor\" stroke-linecap=\"round\" stroke-linejoin=\"round\" stroke-width=\"16\" \/><\/svg><\/span><\/span>\n<\/div>\n\n\n\n<div class=\"gb-accordion__content\" id=\"gb-accordion-content-e99a1976\">\n<div class=\"gb-element-1bce80ac\">\n<p class=\"gb-text\">Normalmente para m\u00e1quinas peque\u00f1as (100bar~500bar), lo organizamos en unos 3~5 d\u00edas. Para m\u00e1quinas grandes (500bar~1500bar), lo organizamos en unos 7~15 d\u00edas.\u00a0<\/p>\n<\/div>\n<\/div>\n<\/div>\n\n\n\n<div class=\"gb-accordion__item gb-accordion__item-ce069f09\">\n<div role=\"button\" tabindex=\"0\" class=\"gb-accordion__toggle gb-accordion__toggle-e7c87cc7\" id=\"gb-accordion-toggle-e7c87cc7\">\n<h3 class=\"gb-text gb-text-441ecd58\">\u00bfPuedo realizar una inspecci\u00f3n?\u00a0<\/h3>\n\n\n\n<span class=\"gb-accordion__toggle-icon gb-accordion__toggle-icon-8eb90068\"><span class=\"gb-accordion__toggle-icon-open\"><svg aria-hidden=\"true\" viewbox=\"0 0 256 256\"><rect width=\"256\" height=\"256\" fill=\"none\" \/><polyline points=\"208 96 128 176 48 96\" fill=\"none\" stroke=\"currentColor\" stroke-linecap=\"round\" stroke-linejoin=\"round\" stroke-width=\"16\" \/><\/svg><\/span><span class=\"gb-accordion__toggle-icon-close\"><svg aria-hidden=\"true\" viewbox=\"0 0 256 256\"><rect width=\"256\" height=\"256\" fill=\"none\" \/><polyline points=\"48 160 128 80 208 160\" fill=\"none\" stroke=\"currentColor\" stroke-linecap=\"round\" stroke-linejoin=\"round\" stroke-width=\"16\" \/><\/svg><\/span><\/span>\n<\/div>\n\n\n\n<div class=\"gb-accordion__content\" id=\"gb-accordion-content-8f78ea9e\">\n<div class=\"gb-element-ef946d47\">\n<p class=\"gb-text\">S\u00ed<\/p>\n<\/div>\n<\/div>\n<\/div>\n\n\n\n<div class=\"gb-accordion__item gb-accordion__item-a0b4eb26\">\n<div role=\"button\" tabindex=\"0\" class=\"gb-accordion__toggle gb-accordion__toggle-7307ba06\" id=\"gb-accordion-toggle-7307ba06\">\n<h3 class=\"gb-text gb-text-51de02b1\">\u00bfCu\u00e1les son sus t\u00e9rminos de pago?<\/h3>\n\n\n\n<span class=\"gb-accordion__toggle-icon gb-accordion__toggle-icon-cb9c60ff\"><span class=\"gb-accordion__toggle-icon-open\"><svg aria-hidden=\"true\" viewbox=\"0 0 256 256\"><rect width=\"256\" height=\"256\" fill=\"none\" \/><polyline points=\"208 96 128 176 48 96\" fill=\"none\" stroke=\"currentColor\" stroke-linecap=\"round\" stroke-linejoin=\"round\" stroke-width=\"16\" \/><\/svg><\/span><span class=\"gb-accordion__toggle-icon-close\"><svg aria-hidden=\"true\" viewbox=\"0 0 256 256\"><rect width=\"256\" height=\"256\" fill=\"none\" \/><polyline points=\"48 160 128 80 208 160\" fill=\"none\" stroke=\"currentColor\" stroke-linecap=\"round\" stroke-linejoin=\"round\" stroke-width=\"16\" \/><\/svg><\/span><\/span>\n<\/div>\n\n\n\n<div class=\"gb-accordion__content\" id=\"gb-accordion-content-7fbe1dbe\">\n<div class=\"gb-element-931b419a\">\n<p class=\"gb-text\">T\/T, L\/C, Garant\u00eda Comercial (Por Alibaba), Western Union.\u00a0<\/p>\n<\/div>\n<\/div>\n<\/div>\n\n\n\n<div class=\"gb-accordion__item gb-accordion__item-8f290cda\">\n<div role=\"button\" tabindex=\"0\" class=\"gb-accordion__toggle gb-accordion__toggle-9f45591c\" id=\"gb-accordion-toggle-9f45591c\">\n<h3 class=\"gb-text gb-text-30716025\">\u00bfEnv\u00edan directamente desde la f\u00e1brica?<\/h3>\n\n\n\n<span class=\"gb-accordion__toggle-icon gb-accordion__toggle-icon-6c26364e\"><span class=\"gb-accordion__toggle-icon-open\"><svg aria-hidden=\"true\" viewbox=\"0 0 256 256\"><rect width=\"256\" height=\"256\" fill=\"none\" \/><polyline points=\"208 96 128 176 48 96\" fill=\"none\" stroke=\"currentColor\" stroke-linecap=\"round\" stroke-linejoin=\"round\" stroke-width=\"16\" \/><\/svg><\/span><span class=\"gb-accordion__toggle-icon-close\"><svg aria-hidden=\"true\" viewbox=\"0 0 256 256\"><rect width=\"256\" height=\"256\" fill=\"none\" \/><polyline points=\"48 160 128 80 208 160\" fill=\"none\" stroke=\"currentColor\" stroke-linecap=\"round\" stroke-linejoin=\"round\" stroke-width=\"16\" \/><\/svg><\/span><\/span>\n<\/div>\n\n\n\n<div class=\"gb-accordion__content\" id=\"gb-accordion-content-d9a650e7\">\n<div class=\"gb-element-a38bd0ba\">\n<p class=\"gb-text\">S\u00ed, ofrecemos env\u00edo directo de f\u00e1brica a cliente. Esto elimina los costes de intermediarios, asegura los plazos de entrega m\u00e1s r\u00e1pidos y garantiza que reciba equipos aut\u00e9nticos directamente de nuestras instalaciones de fabricaci\u00f3n.<\/p>\n<\/div>\n<\/div>\n<\/div>\n\n\n\n<div class=\"gb-accordion__item gb-accordion__item-e3a6d419\">\n<div role=\"button\" tabindex=\"0\" class=\"gb-accordion__toggle gb-accordion__toggle-120811a2\" id=\"gb-accordion-toggle-120811a2\">\n<h3 class=\"gb-text gb-text-0ebb7054\">\u00bfQu\u00e9 tipos de motores o fuentes de energ\u00eda ofrecen?<\/h3>\n\n\n\n<span class=\"gb-accordion__toggle-icon gb-accordion__toggle-icon-84ce29a5\"><span class=\"gb-accordion__toggle-icon-open\"><svg aria-hidden=\"true\" viewbox=\"0 0 256 256\"><rect width=\"256\" height=\"256\" fill=\"none\" \/><polyline points=\"208 96 128 176 48 96\" fill=\"none\" stroke=\"currentColor\" stroke-linecap=\"round\" stroke-linejoin=\"round\" stroke-width=\"16\" \/><\/svg><\/span><span class=\"gb-accordion__toggle-icon-close\"><svg aria-hidden=\"true\" viewbox=\"0 0 256 256\"><rect width=\"256\" height=\"256\" fill=\"none\" \/><polyline points=\"48 160 128 80 208 160\" fill=\"none\" stroke=\"currentColor\" stroke-linecap=\"round\" stroke-linejoin=\"round\" stroke-width=\"16\" \/><\/svg><\/span><\/span>\n<\/div>\n\n\n\n<div class=\"gb-accordion__content\" id=\"gb-accordion-content-97a95b40\">\n<div class=\"gb-element-29f164f5\">\n<p class=\"gb-text\">Ofrecemos opciones de energ\u00eda vers\u00e1tiles, incluyendo Motores El\u00e9ctricos, Motores de Gasolina y Motores Di\u00e9sel, para adaptarse a diferentes entornos operativos, ya sea que tenga acceso a una red el\u00e9ctrica estable o necesite una soluci\u00f3n m\u00f3vil e independiente.<\/p>\n<\/div>\n<\/div>\n<\/div>\n<\/div>\n<\/div>\n\n\n\n<h4 class=\"gb-text gb-text-3ad45bbc\">\u00bfA\u00fan tiene preguntas? Contacte a nuestros ingenieros ahora.<\/h4>\n<\/div>\n<\/div>\n\n\n\n<div class=\"gb-element-56dd9cd3\">\n<div class=\"gb-element-461c62ce\">\n<div class=\"gb-element-ce1c8943\">\n<h2 class=\"gb-text gb-text-b77016f9\">\u00bfListo para Elevar su Eficiencia de Limpieza?<\/h2>\n\n\n\n<p class=\"gb-text gb-text-cd046e06\"><strong>Descubra el poder de las soluciones de alta presi\u00f3n dise\u00f1adas con precisi\u00f3n.<\/strong><\/p>\n\n\n\n<div class=\"gb-element-b20c235d\">\n<a class=\"gb-text gb-text-5463eb76\" href=\"#popmake-36\"><strong>Obtenga un Presupuesto Gratuito<\/strong><\/a>\n<\/div>\n<\/div>\n<\/div>\n<\/div>\n\n\n\n<p><\/p>","protected":false},"excerpt":{"rendered":"<p>Su Socio Global en Excelencia de Limpieza Industrial Soluciones de alta presi\u00f3n industrial de servicio pesado dise\u00f1adas para un rendimiento sin concesiones y m\u00e1xima durabilidad en cualquier entorno. Fundada en 2012, contamos con un equipo de I+D independiente. Como empresa de alta tecnolog\u00eda que integra I+D, producci\u00f3n y ventas, ofrecemos equipos integrados como m\u00e1quinas de limpieza autom\u00e1ticas, robots de limpieza inteligentes, sistemas de limpieza de ultra alta presi\u00f3n, limpieza de tuber\u00edas\u2026 <a title=\"Acerca de Nosotros\" class=\"read-more\" href=\"https:\/\/highpressurecleaningmachine.com\/es\/about-us\/\" aria-label=\"Leer m\u00e1s sobre Nosotros\">Leer m\u00e1s<\/a><\/p>","protected":false},"author":1,"featured_media":0,"parent":0,"menu_order":0,"comment_status":"closed","ping_status":"closed","template":"","meta":{"footnotes":""},"class_list":["post-138","page","type-page","status-publish"],"_links":{"self":[{"href":"https:\/\/highpressurecleaningmachine.com\/es\/wp-json\/wp\/v2\/pages\/138","targetHints":{"allow":["GET"]}}],"collection":[{"href":"https:\/\/highpressurecleaningmachine.com\/es\/wp-json\/wp\/v2\/pages"}],"about":[{"href":"https:\/\/highpressurecleaningmachine.com\/es\/wp-json\/wp\/v2\/types\/page"}],"author":[{"embeddable":true,"href":"https:\/\/highpressurecleaningmachine.com\/es\/wp-json\/wp\/v2\/users\/1"}],"replies":[{"embeddable":true,"href":"https:\/\/highpressurecleaningmachine.com\/es\/wp-json\/wp\/v2\/comments?post=138"}],"version-history":[{"count":9,"href":"https:\/\/highpressurecleaningmachine.com\/es\/wp-json\/wp\/v2\/pages\/138\/revisions"}],"predecessor-version":[{"id":205,"href":"https:\/\/highpressurecleaningmachine.com\/es\/wp-json\/wp\/v2\/pages\/138\/revisions\/205"}],"wp:attachment":[{"href":"https:\/\/highpressurecleaningmachine.com\/es\/wp-json\/wp\/v2\/media?parent=138"}],"curies":[{"name":"wp","href":"https:\/\/api.w.org\/{rel}","templated":true}]}}