{"id":138,"date":"2026-03-26T15:22:46","date_gmt":"2026-03-26T07:22:46","guid":{"rendered":"https:\/\/highpressurecleaningmachine.com\/?page_id=138"},"modified":"2026-03-26T18:04:09","modified_gmt":"2026-03-26T10:04:09","slug":"about-us","status":"publish","type":"page","link":"https:\/\/highpressurecleaningmachine.com\/fr\/about-us\/","title":{"rendered":"\u00c0 Propos"},"content":{"rendered":"<div class=\"gb-element-ad040e8b\">\n<div class=\"gb-element-412bffa0\">\n<div class=\"gb-element-47d32a02\">\n<h1 class=\"gb-text gb-text-ccfac65b\">Votre Partenaire Mondial pour l'Excellence en Nettoyage Industriel<\/h1>\n\n\n\n<p class=\"gb-text gb-text-4b26a7c9\">Des solutions industrielles haute pression robustes con\u00e7ues pour des performances sans compromis et une durabilit\u00e9 maximale dans tous les environnements.<br><br><\/p>\n<\/div>\n<\/div>\n<\/div>\n\n\n\n<div>\n<div class=\"gb-element-7050b58d\">\n<div>\n<div class=\"gb-element-7d2baacd\">\n<div class=\"gb-element-1baae11a\">\n<p class=\"gb-text\">Fond\u00e9e en 2012, nous disposons d'une \u00e9quipe de R&amp;D ind\u00e9pendante. En tant qu'entreprise high-tech int\u00e9grant la R&amp;D, la production et les ventes, nous proposons des \u00e9quipements int\u00e9gr\u00e9s tels que des machines de nettoyage automatiques, des robots de nettoyage intelligents, des syst\u00e8mes de nettoyage \u00e0 ultra-haute pression, des machines de nettoyage de canalisations, des machines de nettoyage d\u00e9rouillantes, des machines de rugosification et des robots de concassage. Nous fournissons \u00e9galement un support technique et des services correspondants pour de multiples domaines.<\/p>\n<\/div>\n\n\n\n<div>\n<p class=\"gb-text\">. NOTRE HISTOIRE<\/p>\n\n\n\n<h2 class=\"gb-text gb-text-ec3f956c\">Nettoyage commercial et r\u00e9sidentiel haut de gamme.<\/h2>\n<\/div>\n<\/div>\n<\/div>\n<\/div>\n<\/div>\n\n\n\n<div>\n<div class=\"gb-element-85a1bdcf\">\n<div class=\"gb-element-ca57ca91\">\n<img loading=\"lazy\" decoding=\"async\" width=\"1200\" height=\"560\" class=\"gb-media-b7439c34\" alt=\"\" title=\"nettoyage par hydrod\u00e9capage \u00e0 propos de nous\" src=\"https:\/\/highpressurecleaningmachine.com\/wp-content\/uploads\/2026\/03\/hydo-jeting-cleaning-about-us.webp\" srcset=\"https:\/\/highpressurecleaningmachine.com\/wp-content\/uploads\/2026\/03\/hydo-jeting-cleaning-about-us.webp 1200w, https:\/\/highpressurecleaningmachine.com\/wp-content\/uploads\/2026\/03\/hydo-jeting-cleaning-about-us-300x140.webp 300w, https:\/\/highpressurecleaningmachine.com\/wp-content\/uploads\/2026\/03\/hydo-jeting-cleaning-about-us-1024x478.webp 1024w, https:\/\/highpressurecleaningmachine.com\/wp-content\/uploads\/2026\/03\/hydo-jeting-cleaning-about-us-768x358.webp 768w\" sizes=\"auto, (max-width: 1200px) 100vw, 1200px\" \/>\n<\/div>\n<\/div>\n<\/div>\n\n\n\n<div class=\"gb-element-98c6caac\">\n<div class=\"gb-element-9b992c9a\">\n<div class=\"gb-element-b1eb6b4f\">\n<div class=\"gb-element-999948ac\">\n<div>\n<div class=\"gb-element-24524c37\">\n<div class=\"gb-element-096a43c1\">\n<h3 class=\"gb-text gb-text-ca128364\">14<\/h3>\n<\/div>\n\n\n\n<div class=\"gb-element-a060907b\">\n<p class=\"gb-text gb-text-5d1b6237\">Ann\u00e9es d'exp\u00e9rience<\/p>\n<\/div>\n<\/div>\n<\/div>\n\n\n\n<div>\n<div class=\"gb-element-0c6cf1cf\">\n<div class=\"gb-element-e4d0b1d6\">\n<h3 class=\"gb-text gb-text-c058d431\">36K<\/h3>\n<\/div>\n\n\n\n<div class=\"gb-element-c91dbd41\">\n<p class=\"gb-text gb-text-9e30ee29\">Clients satisfaits<br><\/p>\n<\/div>\n<\/div>\n<\/div>\n\n\n\n<div>\n<div class=\"gb-element-9328fb8c\">\n<div class=\"gb-element-4fe372d2\">\n<h3 class=\"gb-text gb-text-8967e2eb\">15K<\/h3>\n<\/div>\n\n\n\n<div class=\"gb-element-92ce7c1f\">\n<p class=\"gb-text gb-text-90bb1e93\">Projets r\u00e9alis\u00e9s<br><br><\/p>\n<\/div>\n<\/div>\n<\/div>\n<\/div>\n<\/div>\n\n\n\n<div class=\"gb-element-d58b122e\">\n<p class=\"gb-text\">. NOTRE PROCESSUS<\/p>\n\n\n\n<h2 class=\"gb-text gb-text-f764c4f1\">Notre Engagement pour l'Excellence<\/h2>\n\n\n\n<div class=\"gb-element-3a111144\">\n<div class=\"gb-element-1668b838\">\n<h3 class=\"gb-text gb-text-6d7cf783\">Puissance Industrielle<\/h3>\n\n\n\n<p class=\"gb-text gb-text-510cf8f4\">Des syst\u00e8mes haute pression con\u00e7us pour les environnements de nettoyage les plus exigeants, garantissant une efficacit\u00e9 et une fiabilit\u00e9 maximales.<\/p>\n<\/div>\n\n\n\n<div class=\"gb-element-b04e88e6\">\n<h3 class=\"gb-text gb-text-c5330ebf\">Durabilit\u00e9 Robuste<\/h3>\n\n\n\n<p class=\"gb-text gb-text-fec9e4dc\">Construits avec des composants premium et des ch\u00e2ssis renforc\u00e9s pour r\u00e9sister \u00e0 une utilisation continue et de haute intensit\u00e9 dans les secteurs industriels.<\/p>\n<\/div>\n\n\n\n<div class=\"gb-element-65f04253\">\n<h3 class=\"gb-text gb-text-72368ccb\">Fiabilit\u00e9 Mondiale<\/h3>\n\n\n\n<p class=\"gb-text gb-text-98f69988\">D\u00e9termin\u00e9s \u00e0 fournir une assistance technique compl\u00e8te et un approvisionnement stable en pi\u00e8ces d\u00e9tach\u00e9es pour nos clients \u00e0 travers le monde.<\/p>\n<\/div>\n<\/div>\n<\/div>\n<\/div>\n<\/div>\n\n\n\n<div>\n<div class=\"gb-element-709bd6f4\">\n<div>\n<p class=\"gb-text gb-text-9bc84569\">. NOTRE USINE<\/p>\n\n\n\n<h2 class=\"gb-text gb-text-266345a0\">Notre Usine<\/h2>\n\n\n\n<p class=\"gb-text gb-text-0d0231a0\">Nous sommes fiers de notre support client et de notre r\u00e9activit\u00e9. Gr\u00e2ce \u00e0 nos ing\u00e9nieurs form\u00e9s en usine, nous pouvons entretenir et r\u00e9parer tous types de nettoyeurs haute pression industriels et commerciaux.<\/p>\n\n\n\n<div class=\"gb-element-1fee69ea\">\n<div>\n<img loading=\"lazy\" decoding=\"async\" width=\"583\" height=\"600\" class=\"gb-media-e5eeb560\" alt=\"\" title=\"usine de nettoyage haute pression visitez-nous d\u00e8s maintenant\" src=\"https:\/\/highpressurecleaningmachine.com\/wp-content\/uploads\/2026\/03\/high-pressure-cleaning-factory-visit-us-now.jpg\" srcset=\"https:\/\/highpressurecleaningmachine.com\/wp-content\/uploads\/2026\/03\/high-pressure-cleaning-factory-visit-us-now.jpg 583w, https:\/\/highpressurecleaningmachine.com\/wp-content\/uploads\/2026\/03\/high-pressure-cleaning-factory-visit-us-now-292x300.jpg 292w\" sizes=\"auto, (max-width: 583px) 100vw, 583px\" \/>\n<\/div>\n\n\n\n<div>\n<h3 class=\"gb-text\">Notre domaine d'activit\u00e9<\/h3>\n\n\n\n<p class=\"gb-text\">Nous proposons un large portefeuille comprenant des d\u00e9capants \u00e0 eau industriels, des pompes haute pression et l'int\u00e9gration de syst\u00e8mes de nettoyage sur mesure. Con\u00e7ues pour la polyvalence, nos solutions offrent une puissance de d\u00e9capage et de nettoyage maximale pour les infrastructures \u00e0 grande \u00e9chelle (centrales \u00e9lectriques, chantiers navals) ainsi que pour un usage domestique professionnel.<\/p>\n\n\n\n<h3 class=\"gb-text\">Nos services de personnalisation<\/h3>\n\n\n\n<p class=\"gb-text\">Nous offrons des services de personnalisation complets \u2014 de la conception technique \u00e0 l'assemblage final \u2014 garantissant que chaque unit\u00e9 r\u00e9pond \u00e0 vos exigences sp\u00e9cifiques en mati\u00e8re de pression, de d\u00e9bit et d'environnement. En assurant une livraison directe d'usine \u00e0 client, nous \u00e9liminons les co\u00fbts des interm\u00e9diaires et garantissons les d\u00e9lais les plus rapides.<\/p>\n\n\n\n<h3 class=\"gb-text\">Notre engagement<\/h3>\n\n\n\n<p class=\"gb-text\">Pour garantir une s\u00e9curit\u00e9 op\u00e9rationnelle maximale, nos tuyaux haute pression sont con\u00e7us avec une pression d'\u00e9clatement 2,5 \u00e0 3,5 fois sup\u00e9rieure \u00e0 la pression de service nominale. Chaque composant est con\u00e7u et test\u00e9 pour maintenir des performances constantes dans les conditions de nettoyage industriel les plus rigoureuses.<\/p>\n\n\n\n<div class=\"gb-element-f40eecbf\">\n<a class=\"gb-text gb-text-81f15e21\" href=\"#popmake-36\">Contactez-nous d\u00e8s maintenant<\/a>\n<\/div>\n<\/div>\n<\/div>\n<\/div>\n<\/div>\n<\/div>\n\n\n\n<div class=\"gb-element-bcab1af2\">\n<div class=\"gb-element-915de681\">\n<div>\n<p class=\"gb-text gb-text-d686f35c\">. QUESTIONS<\/p>\n\n\n\n<h2 class=\"gb-text gb-text-e002421d\">Questions Fr\u00e9quentes Nous Concernant<\/h2>\n\n\n\n<div class=\"gb-accordion\">\n<div class=\"gb-accordion__item gb-accordion__item-ac254d1a\">\n<div role=\"button\" tabindex=\"0\" class=\"gb-accordion__toggle gb-accordion__toggle-be307a34\" id=\"gb-accordion-toggle-be307a34\">\n<h3 class=\"gb-text\">\u00cates-vous un fabricant ou une soci\u00e9t\u00e9 de n\u00e9goce ?<\/h3>\n\n\n\n<span class=\"gb-accordion__toggle-icon gb-accordion__toggle-icon-652b0cd4\"><span class=\"gb-accordion__toggle-icon-open\"><svg aria-hidden=\"true\" viewbox=\"0 0 256 256\"><rect width=\"256\" height=\"256\" fill=\"none\" \/><polyline points=\"208 96 128 176 48 96\" fill=\"none\" stroke=\"currentColor\" stroke-linecap=\"round\" stroke-linejoin=\"round\" stroke-width=\"16\" \/><\/svg><\/span><span class=\"gb-accordion__toggle-icon-close\"><svg aria-hidden=\"true\" viewbox=\"0 0 256 256\"><rect width=\"256\" height=\"256\" fill=\"none\" \/><polyline points=\"48 160 128 80 208 160\" fill=\"none\" stroke=\"currentColor\" stroke-linecap=\"round\" stroke-linejoin=\"round\" stroke-width=\"16\" \/><\/svg><\/span><\/span>\n<\/div>\n\n\n\n<div class=\"gb-accordion__content\" id=\"gb-accordion-content-bfde29b0\">\n<div class=\"gb-element-1efd6629\">\n<p class=\"gb-text\">Nous sommes un fabricant.<\/p>\n<\/div>\n<\/div>\n<\/div>\n\n\n\n<div class=\"gb-accordion__item gb-accordion__item-a7053226\">\n<div role=\"button\" tabindex=\"0\" class=\"gb-accordion__toggle gb-accordion__toggle-ef22dcac\" id=\"gb-accordion-toggle-ef22dcac\">\n<h3 class=\"gb-text gb-text-cad347cd\">Quel est votre d\u00e9lai de livraison ?<\/h3>\n\n\n\n<span class=\"gb-accordion__toggle-icon gb-accordion__toggle-icon-51ecdc09\"><span class=\"gb-accordion__toggle-icon-open\"><svg aria-hidden=\"true\" viewbox=\"0 0 256 256\"><rect width=\"256\" height=\"256\" fill=\"none\" \/><polyline points=\"208 96 128 176 48 96\" fill=\"none\" stroke=\"currentColor\" stroke-linecap=\"round\" stroke-linejoin=\"round\" stroke-width=\"16\" \/><\/svg><\/span><span class=\"gb-accordion__toggle-icon-close\"><svg aria-hidden=\"true\" viewbox=\"0 0 256 256\"><rect width=\"256\" height=\"256\" fill=\"none\" \/><polyline points=\"48 160 128 80 208 160\" fill=\"none\" stroke=\"currentColor\" stroke-linecap=\"round\" stroke-linejoin=\"round\" stroke-width=\"16\" \/><\/svg><\/span><\/span>\n<\/div>\n\n\n\n<div class=\"gb-accordion__content\" id=\"gb-accordion-content-e99a1976\">\n<div class=\"gb-element-1bce80ac\">\n<p class=\"gb-text\">Habituellement, pour les petites machines (100bar~500bar), nous les organisons en environ 3 \u00e0 5 jours. Pour les grosses machines (500bar~1500bar), nous les organisons en environ 7 \u00e0 15 jours.\u00a0<\/p>\n<\/div>\n<\/div>\n<\/div>\n\n\n\n<div class=\"gb-accordion__item gb-accordion__item-ce069f09\">\n<div role=\"button\" tabindex=\"0\" class=\"gb-accordion__toggle gb-accordion__toggle-e7c87cc7\" id=\"gb-accordion-toggle-e7c87cc7\">\n<h3 class=\"gb-text gb-text-441ecd58\">Puis-je effectuer une inspection ?\u00a0<\/h3>\n\n\n\n<span class=\"gb-accordion__toggle-icon gb-accordion__toggle-icon-8eb90068\"><span class=\"gb-accordion__toggle-icon-open\"><svg aria-hidden=\"true\" viewbox=\"0 0 256 256\"><rect width=\"256\" height=\"256\" fill=\"none\" \/><polyline points=\"208 96 128 176 48 96\" fill=\"none\" stroke=\"currentColor\" stroke-linecap=\"round\" stroke-linejoin=\"round\" stroke-width=\"16\" \/><\/svg><\/span><span class=\"gb-accordion__toggle-icon-close\"><svg aria-hidden=\"true\" viewbox=\"0 0 256 256\"><rect width=\"256\" height=\"256\" fill=\"none\" \/><polyline points=\"48 160 128 80 208 160\" fill=\"none\" stroke=\"currentColor\" stroke-linecap=\"round\" stroke-linejoin=\"round\" stroke-width=\"16\" \/><\/svg><\/span><\/span>\n<\/div>\n\n\n\n<div class=\"gb-accordion__content\" id=\"gb-accordion-content-8f78ea9e\">\n<div class=\"gb-element-ef946d47\">\n<p class=\"gb-text\">Oui<\/p>\n<\/div>\n<\/div>\n<\/div>\n\n\n\n<div class=\"gb-accordion__item gb-accordion__item-a0b4eb26\">\n<div role=\"button\" tabindex=\"0\" class=\"gb-accordion__toggle gb-accordion__toggle-7307ba06\" id=\"gb-accordion-toggle-7307ba06\">\n<h3 class=\"gb-text gb-text-51de02b1\">Quelles sont vos conditions de paiement ?<\/h3>\n\n\n\n<span class=\"gb-accordion__toggle-icon gb-accordion__toggle-icon-cb9c60ff\"><span class=\"gb-accordion__toggle-icon-open\"><svg aria-hidden=\"true\" viewbox=\"0 0 256 256\"><rect width=\"256\" height=\"256\" fill=\"none\" \/><polyline points=\"208 96 128 176 48 96\" fill=\"none\" stroke=\"currentColor\" stroke-linecap=\"round\" stroke-linejoin=\"round\" stroke-width=\"16\" \/><\/svg><\/span><span class=\"gb-accordion__toggle-icon-close\"><svg aria-hidden=\"true\" viewbox=\"0 0 256 256\"><rect width=\"256\" height=\"256\" fill=\"none\" \/><polyline points=\"48 160 128 80 208 160\" fill=\"none\" stroke=\"currentColor\" stroke-linecap=\"round\" stroke-linejoin=\"round\" stroke-width=\"16\" \/><\/svg><\/span><\/span>\n<\/div>\n\n\n\n<div class=\"gb-accordion__content\" id=\"gb-accordion-content-7fbe1dbe\">\n<div class=\"gb-element-931b419a\">\n<p class=\"gb-text\">Virement bancaire (T\/T), Lettre de cr\u00e9dit (L\/C), Trade Assurance (par Alibaba), Western Union.\u00a0<\/p>\n<\/div>\n<\/div>\n<\/div>\n\n\n\n<div class=\"gb-accordion__item gb-accordion__item-8f290cda\">\n<div role=\"button\" tabindex=\"0\" class=\"gb-accordion__toggle gb-accordion__toggle-9f45591c\" id=\"gb-accordion-toggle-9f45591c\">\n<h3 class=\"gb-text gb-text-30716025\">Livrez-vous directement depuis l'usine ?<\/h3>\n\n\n\n<span class=\"gb-accordion__toggle-icon gb-accordion__toggle-icon-6c26364e\"><span class=\"gb-accordion__toggle-icon-open\"><svg aria-hidden=\"true\" viewbox=\"0 0 256 256\"><rect width=\"256\" height=\"256\" fill=\"none\" \/><polyline points=\"208 96 128 176 48 96\" fill=\"none\" stroke=\"currentColor\" stroke-linecap=\"round\" stroke-linejoin=\"round\" stroke-width=\"16\" \/><\/svg><\/span><span class=\"gb-accordion__toggle-icon-close\"><svg aria-hidden=\"true\" viewbox=\"0 0 256 256\"><rect width=\"256\" height=\"256\" fill=\"none\" \/><polyline points=\"48 160 128 80 208 160\" fill=\"none\" stroke=\"currentColor\" stroke-linecap=\"round\" stroke-linejoin=\"round\" stroke-width=\"16\" \/><\/svg><\/span><\/span>\n<\/div>\n\n\n\n<div class=\"gb-accordion__content\" id=\"gb-accordion-content-d9a650e7\">\n<div class=\"gb-element-a38bd0ba\">\n<p class=\"gb-text\">Oui, nous assurons une livraison directe d'usine \u00e0 client. Cela \u00e9limine les co\u00fbts des interm\u00e9diaires, garantit les d\u00e9lais les plus rapides et assure que vous recevez un \u00e9quipement authentique directement de notre site de fabrication.<\/p>\n<\/div>\n<\/div>\n<\/div>\n\n\n\n<div class=\"gb-accordion__item gb-accordion__item-e3a6d419\">\n<div role=\"button\" tabindex=\"0\" class=\"gb-accordion__toggle gb-accordion__toggle-120811a2\" id=\"gb-accordion-toggle-120811a2\">\n<h3 class=\"gb-text gb-text-0ebb7054\">Quels types de moteurs ou sources d'\u00e9nergie proposez-vous ?<\/h3>\n\n\n\n<span class=\"gb-accordion__toggle-icon gb-accordion__toggle-icon-84ce29a5\"><span class=\"gb-accordion__toggle-icon-open\"><svg aria-hidden=\"true\" viewbox=\"0 0 256 256\"><rect width=\"256\" height=\"256\" fill=\"none\" \/><polyline points=\"208 96 128 176 48 96\" fill=\"none\" stroke=\"currentColor\" stroke-linecap=\"round\" stroke-linejoin=\"round\" stroke-width=\"16\" \/><\/svg><\/span><span class=\"gb-accordion__toggle-icon-close\"><svg aria-hidden=\"true\" viewbox=\"0 0 256 256\"><rect width=\"256\" height=\"256\" fill=\"none\" \/><polyline points=\"48 160 128 80 208 160\" fill=\"none\" stroke=\"currentColor\" stroke-linecap=\"round\" stroke-linejoin=\"round\" stroke-width=\"16\" \/><\/svg><\/span><\/span>\n<\/div>\n\n\n\n<div class=\"gb-accordion__content\" id=\"gb-accordion-content-97a95b40\">\n<div class=\"gb-element-29f164f5\">\n<p class=\"gb-text\">Nous proposons des options d'alimentation polyvalentes, incluant des Moteurs \u00c9lectriques, des Moteurs \u00e0 Essence et des Moteurs Diesel, pour s'adapter \u00e0 diff\u00e9rents environnements op\u00e9rationnels, que vous ayez acc\u00e8s \u00e0 un r\u00e9seau \u00e9lectrique stable ou ayez besoin d'une solution mobile et ind\u00e9pendante.<\/p>\n<\/div>\n<\/div>\n<\/div>\n<\/div>\n<\/div>\n\n\n\n<h4 class=\"gb-text gb-text-3ad45bbc\">Vous avez encore des questions ? Contactez nos ing\u00e9nieurs d\u00e8s maintenant.<\/h4>\n<\/div>\n<\/div>\n\n\n\n<div class=\"gb-element-56dd9cd3\">\n<div class=\"gb-element-461c62ce\">\n<div class=\"gb-element-ce1c8943\">\n<h2 class=\"gb-text gb-text-b77016f9\">Pr\u00eat \u00e0 am\u00e9liorer votre efficacit\u00e9 de nettoyage ?<\/h2>\n\n\n\n<p class=\"gb-text gb-text-cd046e06\"><strong>D\u00e9couvrez la puissance des solutions haute pression con\u00e7ues avec pr\u00e9cision.<\/strong><\/p>\n\n\n\n<div class=\"gb-element-b20c235d\">\n<a class=\"gb-text gb-text-5463eb76\" href=\"#popmake-36\"><strong>Obtenir un Devis Gratuit<\/strong><\/a>\n<\/div>\n<\/div>\n<\/div>\n<\/div>\n\n\n\n<p><\/p>","protected":false},"excerpt":{"rendered":"<p>Votre Partenaire Mondial pour l'Excellence en Nettoyage Industriel <a title=\"\u00c0 Propos\" class=\"read-more\" href=\"https:\/\/highpressurecleaningmachine.com\/fr\/about-us\/\" aria-label=\"En savoir plus sur \u00c0 propos de nous\">Lire la suite<\/a><\/p>","protected":false},"author":1,"featured_media":0,"parent":0,"menu_order":0,"comment_status":"closed","ping_status":"closed","template":"","meta":{"footnotes":""},"class_list":["post-138","page","type-page","status-publish"],"_links":{"self":[{"href":"https:\/\/highpressurecleaningmachine.com\/fr\/wp-json\/wp\/v2\/pages\/138","targetHints":{"allow":["GET"]}}],"collection":[{"href":"https:\/\/highpressurecleaningmachine.com\/fr\/wp-json\/wp\/v2\/pages"}],"about":[{"href":"https:\/\/highpressurecleaningmachine.com\/fr\/wp-json\/wp\/v2\/types\/page"}],"author":[{"embeddable":true,"href":"https:\/\/highpressurecleaningmachine.com\/fr\/wp-json\/wp\/v2\/users\/1"}],"replies":[{"embeddable":true,"href":"https:\/\/highpressurecleaningmachine.com\/fr\/wp-json\/wp\/v2\/comments?post=138"}],"version-history":[{"count":9,"href":"https:\/\/highpressurecleaningmachine.com\/fr\/wp-json\/wp\/v2\/pages\/138\/revisions"}],"predecessor-version":[{"id":205,"href":"https:\/\/highpressurecleaningmachine.com\/fr\/wp-json\/wp\/v2\/pages\/138\/revisions\/205"}],"wp:attachment":[{"href":"https:\/\/highpressurecleaningmachine.com\/fr\/wp-json\/wp\/v2\/media?parent=138"}],"curies":[{"name":"wp","href":"https:\/\/api.w.org\/{rel}","templated":true}]}}