{"id":723,"date":"2026-04-29T10:22:51","date_gmt":"2026-04-29T02:22:51","guid":{"rendered":"https:\/\/highpressurecleaningmachine.com\/?page_id=723"},"modified":"2026-04-29T10:22:53","modified_gmt":"2026-04-29T02:22:53","slug":"industrial-high-pressure-washer-options","status":"publish","type":"page","link":"https:\/\/highpressurecleaningmachine.com\/fr\/industrial-high-pressure-washer-options\/","title":{"rendered":"Options de nettoyeurs haute pression industriels"},"content":{"rendered":"<div>\n<div class=\"gb-element-6c85270d\">\n<div>\n<div class=\"wp-block-query alignwide is-layout-flow wp-block-query-is-layout-flow\"><ul class=\"columns-2 wp-block-post-template is-layout-grid wp-container-core-post-template-is-layout-17361a50 wp-block-post-template-is-layout-grid\"><li class=\"wp-block-post post-873 page type-page status-publish\">\n\n<div class=\"wp-block-group\" style=\"padding-top:30px;padding-right:30px;padding-bottom:30px;padding-left:30px\"><div class=\"wp-block-group__inner-container is-layout-flow wp-block-group-is-layout-flow\"><h2 class=\"wp-block-post-title\"><a href=\"https:\/\/highpressurecleaningmachine.com\/fr\/china-commercial-high-pressure-washer-quotes\/\" target=\"_self\" >Devis pour laveuses hautes pression commerciales chinoises<\/a><\/h2>\n\n<div class=\"wp-block-post-excerpt\"><p class=\"wp-block-post-excerpt__excerpt\">Nettoyeurs haute pression commerciaux chinois \u2013 Demande de devis Demandez d\u00e8s aujourd\u2019hui notre devis 2026 pour les nettoyeurs haute pression commerciaux chinois. Nous proposons des \u00e9quipements de nettoyage robustes \u00e0 des tarifs de gros comp\u00e9titifs. B\u00e9n\u00e9ficiez de prix transparents, de remises sur les commandes en quantit\u00e9 et d\u2019options OEM directement aupr\u00e8s du fabricant. Contactez-nous d\u00e8s maintenant Pourquoi choisir un nettoyeur haute pression pour un usage commercial ? Dans le secteur professionnel du nettoyage, les temps d\u2019arr\u00eat des \u00e9quipements\u2026 <\/p><\/div>\n\n<div class=\"wp-block-post-date\"><time datetime=\"2026-04-30T17:51:14+08:00\">2026-04-30<\/time><\/div><\/div><\/div>\n\n<\/li><li class=\"wp-block-post post-869 page type-page status-publish\">\n\n<div class=\"wp-block-group\" style=\"padding-top:30px;padding-right:30px;padding-bottom:30px;padding-left:30px\"><div class=\"wp-block-group__inner-container is-layout-flow wp-block-group-is-layout-flow\"><h2 class=\"wp-block-post-title\"><a href=\"https:\/\/highpressurecleaningmachine.com\/fr\/china-commercial-high-pressure-washer-pricelist\/\" target=\"_self\" >Liste des prix des nettoyeurs haute pression commerciaux chinois<\/a><\/h2>\n\n<div class=\"wp-block-post-excerpt\"><p class=\"wp-block-post-excerpt__excerpt\">Liste des prix des nettoyeurs haute pression commerciaux chinois Obtenez la liste des prix la plus concurrentielle pour les nettoyeurs haute pression commerciaux chinois, destin\u00e9e aux distributeurs internationaux. Notre usine propose une personnalisation compl\u00e8te en marque blanche (OEM), un soutien technique et des prix de gros transparents. Contactez-nous pour obtenir un devis personnalis\u00e9. Contactez-nous d\u00e8s maintenant Pourquoi choisir un nettoyeur haute pression pour un usage commercial ? Pour les entrepreneurs professionnels en nettoyage et les installations industrielles\u2026 <\/p><\/div>\n\n<div class=\"wp-block-post-date\"><time datetime=\"2026-04-30T17:46:12+08:00\">2026-04-30<\/time><\/div><\/div><\/div>\n\n<\/li><li class=\"wp-block-post post-865 page type-page status-publish\">\n\n<div class=\"wp-block-group\" style=\"padding-top:30px;padding-right:30px;padding-bottom:30px;padding-left:30px\"><div class=\"wp-block-group__inner-container is-layout-flow wp-block-group-is-layout-flow\"><h2 class=\"wp-block-post-title\"><a href=\"https:\/\/highpressurecleaningmachine.com\/fr\/high-pressure-washer-for-commercial-use\/\" target=\"_self\" >Nettoyeur haute pression pour usage commercial<\/a><\/h2>\n\n<div class=\"wp-block-post-excerpt\"><p class=\"wp-block-post-excerpt__excerpt\">Fournisseur de nettoyeurs haute pression pour usage commercial Obtenez un devis direct d\u2019une usine chinoise de pointe sp\u00e9cialis\u00e9e dans les nettoyeurs haute pression, engag\u00e9e envers l\u2019excellence industrielle. Nous proposons des solutions de nettoyage robustes \u201c directement depuis l\u2019usine \u201d, avec une personnalisation compl\u00e8te en marque blanche (OEM) et un soutien technique solide destin\u00e9 aux clients internationaux. Contactez-nous d\u00e8s maintenant Pourquoi choisir un nettoyeur haute pression pour un usage commercial ? Choisir un nettoyeur standard pour\u2026 <\/p><\/div>\n\n<div class=\"wp-block-post-date\"><time datetime=\"2026-04-30T17:30:22+08:00\">2026-04-30<\/time><\/div><\/div><\/div>\n\n<\/li><li class=\"wp-block-post post-847 page type-page status-publish\">\n\n<div class=\"wp-block-group\" style=\"padding-top:30px;padding-right:30px;padding-bottom:30px;padding-left:30px\"><div class=\"wp-block-group__inner-container is-layout-flow wp-block-group-is-layout-flow\"><h2 class=\"wp-block-post-title\"><a href=\"https:\/\/highpressurecleaningmachine.com\/fr\/commercial-power-wash-machine\/\" target=\"_self\" >Machine commerciale de nettoyage \u00e0 haute pression<\/a><\/h2>\n\n<div class=\"wp-block-post-excerpt\"><p class=\"wp-block-post-excerpt__excerpt\">Usine de machines commerciales de lavage \u00e0 haute pression Obtenez des devis directs de l\u2019usine chinoise leader en mati\u00e8re de nettoyeurs haute pression commerciaux. Nous sommes sp\u00e9cialis\u00e9s dans la conception de solutions de nettoyage robustes adapt\u00e9es au march\u00e9 mondial. Notre usine propose des prix de gros comp\u00e9titifs, une personnalisation compl\u00e8te en marque blanche (OEM) pour d\u00e9velopper votre marque, ainsi qu\u2019un soutien technique complet. Contactez-nous d\u00e8s maintenant Pourquoi choisir une machine commerciale de lavage \u00e0 haute pression ? Pour\u2026 <\/p><\/div>\n\n<div class=\"wp-block-post-date\"><time datetime=\"2026-04-30T16:30:56+08:00\">2026-04-30<\/time><\/div><\/div><\/div>\n\n<\/li><li class=\"wp-block-post post-742 page type-page status-publish\">\n\n<div class=\"wp-block-group\" style=\"padding-top:30px;padding-right:30px;padding-bottom:30px;padding-left:30px\"><div class=\"wp-block-group__inner-container is-layout-flow wp-block-group-is-layout-flow\"><h2 class=\"wp-block-post-title\"><a href=\"https:\/\/highpressurecleaningmachine.com\/fr\/commercial-pressure-washer-machine\/\" target=\"_self\" >Machine commerciale de nettoyage haute pression<\/a><\/h2>\n\n<div class=\"wp-block-post-excerpt\"><p class=\"wp-block-post-excerpt__excerpt\">Machine commerciale de nettoyage \u00e0 haute pression Obtenez directement depuis notre usine des devis pour des nettoyeurs haute pression commerciaux chinois. Nous proposons des prix de gros, une personnalisation en marque blanche (OEM) adapt\u00e9e \u00e0 votre march\u00e9 et un soutien complet en pi\u00e8ces d\u00e9tach\u00e9es. Contactez notre \u00e9quipe d\u2019ing\u00e9nieurs pour une solution de puissance sur mesure. Contactez-nous d\u00e8s maintenant Choisir le meilleur nettoyeur haute pression pour un usage commercial Pour les entreprises professionnelles de nettoyage, la fiabilit\u00e9 est\u2026 <\/p><\/div>\n\n<div class=\"wp-block-post-date\"><time datetime=\"2026-04-29T17:21:13+08:00\">2026-04-29<\/time><\/div><\/div><\/div>\n\n<\/li><li class=\"wp-block-post post-723 page type-page status-publish\">\n\n<div class=\"wp-block-group\" style=\"padding-top:30px;padding-right:30px;padding-bottom:30px;padding-left:30px\"><div class=\"wp-block-group__inner-container is-layout-flow wp-block-group-is-layout-flow\"><h2 class=\"wp-block-post-title\"><a href=\"https:\/\/highpressurecleaningmachine.com\/fr\/industrial-high-pressure-washer-options\/\" target=\"_self\" >Options de nettoyeurs haute pression industriels<\/a><\/h2>\n\n<div class=\"wp-block-post-excerpt\"><p class=\"wp-block-post-excerpt__excerpt\"> <\/p><\/div>\n\n<div class=\"wp-block-post-date\"><time datetime=\"2026-04-29T10:22:51+08:00\">2026-04-29<\/time><\/div><\/div><\/div>\n\n<\/li><\/ul><\/div>\n<\/div>\n<\/div>\n<\/div>","protected":false},"excerpt":{"rendered":"","protected":false},"author":1,"featured_media":0,"parent":0,"menu_order":0,"comment_status":"closed","ping_status":"closed","template":"","meta":{"footnotes":""},"class_list":["post-723","page","type-page","status-publish"],"_links":{"self":[{"href":"https:\/\/highpressurecleaningmachine.com\/fr\/wp-json\/wp\/v2\/pages\/723","targetHints":{"allow":["GET"]}}],"collection":[{"href":"https:\/\/highpressurecleaningmachine.com\/fr\/wp-json\/wp\/v2\/pages"}],"about":[{"href":"https:\/\/highpressurecleaningmachine.com\/fr\/wp-json\/wp\/v2\/types\/page"}],"author":[{"embeddable":true,"href":"https:\/\/highpressurecleaningmachine.com\/fr\/wp-json\/wp\/v2\/users\/1"}],"replies":[{"embeddable":true,"href":"https:\/\/highpressurecleaningmachine.com\/fr\/wp-json\/wp\/v2\/comments?post=723"}],"version-history":[{"count":1,"href":"https:\/\/highpressurecleaningmachine.com\/fr\/wp-json\/wp\/v2\/pages\/723\/revisions"}],"predecessor-version":[{"id":726,"href":"https:\/\/highpressurecleaningmachine.com\/fr\/wp-json\/wp\/v2\/pages\/723\/revisions\/726"}],"wp:attachment":[{"href":"https:\/\/highpressurecleaningmachine.com\/fr\/wp-json\/wp\/v2\/media?parent=723"}],"curies":[{"name":"wp","href":"https:\/\/api.w.org\/{rel}","templated":true}]}}