{"id":138,"date":"2026-03-26T15:22:46","date_gmt":"2026-03-26T07:22:46","guid":{"rendered":"https:\/\/highpressurecleaningmachine.com\/?page_id=138"},"modified":"2026-03-26T18:04:09","modified_gmt":"2026-03-26T10:04:09","slug":"chi-siamo","status":"publish","type":"page","link":"https:\/\/highpressurecleaningmachine.com\/it\/about-us\/","title":{"rendered":"Chi Siamo"},"content":{"rendered":"<div class=\"gb-element-ad040e8b\">\n<div class=\"gb-element-412bffa0\">\n<div class=\"gb-element-47d32a02\">\n<h1 class=\"gb-text gb-text-ccfac65b\">Il Vostro Partner Globale per l'Eccellenza nella Pulizia Industriale<\/h1>\n\n\n\n<p class=\"gb-text gb-text-4b26a7c9\">Soluzioni industriali ad alta pressione di tipo heavy-duty, concepite per prestazioni ineccepibili e massima durata in qualsiasi ambiente.<br><br><\/p>\n<\/div>\n<\/div>\n<\/div>\n\n\n\n<div>\n<div class=\"gb-element-7050b58d\">\n<div>\n<div class=\"gb-element-7d2baacd\">\n<div class=\"gb-element-1baae11a\">\n<p class=\"gb-text\">Fondata nel 2012, disponiamo di un team di R&amp;S indipendente. In qualit\u00e0 di azienda high-tech che integra ricerca e sviluppo, produzione e vendita, offriamo attrezzature integrate come macchine per la pulizia automatica, robot per la pulizia intelligenti, sistemi di pulizia ad ultra-alta pressione, macchine per la pulizia di condotte, macchine per la pulizia e rimozione della ruggine, macchine per la sabbiatura e robot frantumatori. Forniamo inoltre supporto tecnico e servizi corrispondenti per molteplici settori.<\/p>\n<\/div>\n\n\n\n<div>\n<p class=\"gb-text\">. LA NOSTRA STORIA<\/p>\n\n\n\n<h2 class=\"gb-text gb-text-ec3f956c\">Pulizie commerciali e residenziali di alta gamma.<\/h2>\n<\/div>\n<\/div>\n<\/div>\n<\/div>\n<\/div>\n\n\n\n<div>\n<div class=\"gb-element-85a1bdcf\">\n<div class=\"gb-element-ca57ca91\">\n<img loading=\"lazy\" decoding=\"async\" width=\"1200\" height=\"560\" class=\"gb-media-b7439c34\" alt=\"\" title=\"pulizia con idrogetto chi siamo\" src=\"https:\/\/highpressurecleaningmachine.com\/wp-content\/uploads\/2026\/03\/hydo-jeting-cleaning-about-us.webp\" srcset=\"https:\/\/highpressurecleaningmachine.com\/wp-content\/uploads\/2026\/03\/hydo-jeting-cleaning-about-us.webp 1200w, https:\/\/highpressurecleaningmachine.com\/wp-content\/uploads\/2026\/03\/hydo-jeting-cleaning-about-us-300x140.webp 300w, https:\/\/highpressurecleaningmachine.com\/wp-content\/uploads\/2026\/03\/hydo-jeting-cleaning-about-us-1024x478.webp 1024w, https:\/\/highpressurecleaningmachine.com\/wp-content\/uploads\/2026\/03\/hydo-jeting-cleaning-about-us-768x358.webp 768w\" sizes=\"auto, (max-width: 1200px) 100vw, 1200px\" \/>\n<\/div>\n<\/div>\n<\/div>\n\n\n\n<div class=\"gb-element-98c6caac\">\n<div class=\"gb-element-9b992c9a\">\n<div class=\"gb-element-b1eb6b4f\">\n<div class=\"gb-element-999948ac\">\n<div>\n<div class=\"gb-element-24524c37\">\n<div class=\"gb-element-096a43c1\">\n<h3 class=\"gb-text gb-text-ca128364\">14<\/h3>\n<\/div>\n\n\n\n<div class=\"gb-element-a060907b\">\n<p class=\"gb-text gb-text-5d1b6237\">Anni di esperienza<\/p>\n<\/div>\n<\/div>\n<\/div>\n\n\n\n<div>\n<div class=\"gb-element-0c6cf1cf\">\n<div class=\"gb-element-e4d0b1d6\">\n<h3 class=\"gb-text gb-text-c058d431\">36K<\/h3>\n<\/div>\n\n\n\n<div class=\"gb-element-c91dbd41\">\n<p class=\"gb-text gb-text-9e30ee29\">Clienti soddisfatti<br><\/p>\n<\/div>\n<\/div>\n<\/div>\n\n\n\n<div>\n<div class=\"gb-element-9328fb8c\">\n<div class=\"gb-element-4fe372d2\">\n<h3 class=\"gb-text gb-text-8967e2eb\">15K<\/h3>\n<\/div>\n\n\n\n<div class=\"gb-element-92ce7c1f\">\n<p class=\"gb-text gb-text-90bb1e93\">Progetti completati<br><br><\/p>\n<\/div>\n<\/div>\n<\/div>\n<\/div>\n<\/div>\n\n\n\n<div class=\"gb-element-d58b122e\">\n<p class=\"gb-text\">. IL NOSTRO PROCESSO<\/p>\n\n\n\n<h2 class=\"gb-text gb-text-f764c4f1\">Il Nostro Impegno per l'Eccellenza<\/h2>\n\n\n\n<div class=\"gb-element-3a111144\">\n<div class=\"gb-element-1668b838\">\n<h3 class=\"gb-text gb-text-6d7cf783\">Potenza Industriale<\/h3>\n\n\n\n<p class=\"gb-text gb-text-510cf8f4\">Sistemi ad alta pressione progettati per gli ambienti di pulizia pi\u00f9 impegnativi, garantendo massima efficienza e affidabilit\u00e0.<\/p>\n<\/div>\n\n\n\n<div class=\"gb-element-b04e88e6\">\n<h3 class=\"gb-text gb-text-c5330ebf\">Durabilit\u00e0 Robusta<\/h3>\n\n\n\n<p class=\"gb-text gb-text-fec9e4dc\">Costruiti con componenti di prima qualit\u00e0 e telai resistenti per sopportare un uso continuo e ad alta intensit\u00e0 nei settori industriali.<\/p>\n<\/div>\n\n\n\n<div class=\"gb-element-65f04253\">\n<h3 class=\"gb-text gb-text-72368ccb\">Affidabilit\u00e0 Globale<\/h3>\n\n\n\n<p class=\"gb-text gb-text-98f69988\">Dedicati a fornire assistenza tecnica completa e una fornitura stabile di ricambi per i nostri clienti in tutto il mondo.<\/p>\n<\/div>\n<\/div>\n<\/div>\n<\/div>\n<\/div>\n\n\n\n<div>\n<div class=\"gb-element-709bd6f4\">\n<div>\n<p class=\"gb-text gb-text-9bc84569\">. LA NOSTRA FABBRICA<\/p>\n\n\n\n<h2 class=\"gb-text gb-text-266345a0\">La Nostra Fabbrica<\/h2>\n\n\n\n<p class=\"gb-text gb-text-0d0231a0\">Siamo orgogliosi del nostro supporto clienti e della nostra risposta ad alta velocit\u00e0. Utilizzando i nostri ingegneri formati internamente in fabbrica, possiamo assistere e riparare tutti i tipi di pulitrici ad alta pressione industriali e commerciali.<\/p>\n\n\n\n<div class=\"gb-element-1fee69ea\">\n<div>\n<img loading=\"lazy\" decoding=\"async\" width=\"583\" height=\"600\" class=\"gb-media-e5eeb560\" alt=\"\" title=\"fabbrica di pulizia ad alta pressione visitateci ora\" src=\"https:\/\/highpressurecleaningmachine.com\/wp-content\/uploads\/2026\/03\/high-pressure-cleaning-factory-visit-us-now.jpg\" srcset=\"https:\/\/highpressurecleaningmachine.com\/wp-content\/uploads\/2026\/03\/high-pressure-cleaning-factory-visit-us-now.jpg 583w, https:\/\/highpressurecleaningmachine.com\/wp-content\/uploads\/2026\/03\/high-pressure-cleaning-factory-visit-us-now-292x300.jpg 292w\" sizes=\"auto, (max-width: 583px) 100vw, 583px\" \/>\n<\/div>\n\n\n\n<div>\n<h3 class=\"gb-text\">Il nostro campo di attivit\u00e0<\/h3>\n\n\n\n<p class=\"gb-text\">Offriamo un ampio portafoglio che comprende idropulitrici industriali, pompe ad alta pressione e integrazione su misura di sistemi di pulizia. Progettate per essere versatili, le nostre soluzioni offrono la massima potenza di rimozione e pulizia sia per grandi infrastrutture (Centrali Elettriche, Cantieri Navali) che per uso domestico di livello professionale.<\/p>\n\n\n\n<h3 class=\"gb-text\">I nostri servizi di personalizzazione<\/h3>\n\n\n\n<p class=\"gb-text\">Offriamo servizi di personalizzazione completi\u2014dalla progettazione tecnica all'assemblaggio finale\u2014assicurando che ogni unit\u00e0 soddisfi le vostre specifiche esigenze di pressione, portata e ambientali. Fornendo spedizioni dirette dalla fabbrica al cliente, eliminiamo i costi degli intermediari e garantiamo i tempi di consegna pi\u00f9 rapidi.<\/p>\n\n\n\n<h3 class=\"gb-text\">La nostra promessa<\/h3>\n\n\n\n<p class=\"gb-text\">Per garantire la massima sicurezza operativa, i nostri tubi flessibili ad alta pressione sono progettati con una pressione di scoppio che \u00e8 da 2,5 a 3,5 volte la pressione operativa nominale. Ogni componente \u00e8 progettato e testato per mantenere prestazioni costanti nelle condizioni di pulizia industriale pi\u00f9 rigorose.<\/p>\n\n\n\n<div class=\"gb-element-f40eecbf\">\n<a class=\"gb-text gb-text-81f15e21\" href=\"#popmake-36\">Contattateci ora<\/a>\n<\/div>\n<\/div>\n<\/div>\n<\/div>\n<\/div>\n<\/div>\n\n\n\n<div class=\"gb-element-bcab1af2\">\n<div class=\"gb-element-915de681\">\n<div>\n<p class=\"gb-text gb-text-d686f35c\">. DOMANDE<\/p>\n\n\n\n<h2 class=\"gb-text gb-text-e002421d\">Domande Frequenti su di Noi<\/h2>\n\n\n\n<div class=\"gb-accordion\">\n<div class=\"gb-accordion__item gb-accordion__item-ac254d1a\">\n<div role=\"button\" tabindex=\"0\" class=\"gb-accordion__toggle gb-accordion__toggle-be307a34\" id=\"gb-accordion-toggle-be307a34\">\n<h3 class=\"gb-text\">Siete un produttore o una societ\u00e0 di trading?<\/h3>\n\n\n\n<span class=\"gb-accordion__toggle-icon gb-accordion__toggle-icon-652b0cd4\"><span class=\"gb-accordion__toggle-icon-open\"><svg aria-hidden=\"true\" viewbox=\"0 0 256 256\"><rect width=\"256\" height=\"256\" fill=\"none\" \/><polyline points=\"208 96 128 176 48 96\" fill=\"none\" stroke=\"currentColor\" stroke-linecap=\"round\" stroke-linejoin=\"round\" stroke-width=\"16\" \/><\/svg><\/span><span class=\"gb-accordion__toggle-icon-close\"><svg aria-hidden=\"true\" viewbox=\"0 0 256 256\"><rect width=\"256\" height=\"256\" fill=\"none\" \/><polyline points=\"48 160 128 80 208 160\" fill=\"none\" stroke=\"currentColor\" stroke-linecap=\"round\" stroke-linejoin=\"round\" stroke-width=\"16\" \/><\/svg><\/span><\/span>\n<\/div>\n\n\n\n<div class=\"gb-accordion__content\" id=\"gb-accordion-content-bfde29b0\">\n<div class=\"gb-element-1efd6629\">\n<p class=\"gb-text\">Siamo un produttore.<\/p>\n<\/div>\n<\/div>\n<\/div>\n\n\n\n<div class=\"gb-accordion__item gb-accordion__item-a7053226\">\n<div role=\"button\" tabindex=\"0\" class=\"gb-accordion__toggle gb-accordion__toggle-ef22dcac\" id=\"gb-accordion-toggle-ef22dcac\">\n<h3 class=\"gb-text gb-text-cad347cd\">Quali sono i vostri tempi di consegna?<\/h3>\n\n\n\n<span class=\"gb-accordion__toggle-icon gb-accordion__toggle-icon-51ecdc09\"><span class=\"gb-accordion__toggle-icon-open\"><svg aria-hidden=\"true\" viewbox=\"0 0 256 256\"><rect width=\"256\" height=\"256\" fill=\"none\" \/><polyline points=\"208 96 128 176 48 96\" fill=\"none\" stroke=\"currentColor\" stroke-linecap=\"round\" stroke-linejoin=\"round\" stroke-width=\"16\" \/><\/svg><\/span><span class=\"gb-accordion__toggle-icon-close\"><svg aria-hidden=\"true\" viewbox=\"0 0 256 256\"><rect width=\"256\" height=\"256\" fill=\"none\" \/><polyline points=\"48 160 128 80 208 160\" fill=\"none\" stroke=\"currentColor\" stroke-linecap=\"round\" stroke-linejoin=\"round\" stroke-width=\"16\" \/><\/svg><\/span><\/span>\n<\/div>\n\n\n\n<div class=\"gb-accordion__content\" id=\"gb-accordion-content-e99a1976\">\n<div class=\"gb-element-1bce80ac\">\n<p class=\"gb-text\">Solitamente per le macchine piccole (100bar~500bar), le organizziamo in circa 3~5 giorni. Per le macchine grandi (500bar~1500bar), le organizziamo in circa 7~15 giorni.\u00a0<\/p>\n<\/div>\n<\/div>\n<\/div>\n\n\n\n<div class=\"gb-accordion__item gb-accordion__item-ce069f09\">\n<div role=\"button\" tabindex=\"0\" class=\"gb-accordion__toggle gb-accordion__toggle-e7c87cc7\" id=\"gb-accordion-toggle-e7c87cc7\">\n<h3 class=\"gb-text gb-text-441ecd58\">Posso effettuare un'ispezione?\u00a0<\/h3>\n\n\n\n<span class=\"gb-accordion__toggle-icon gb-accordion__toggle-icon-8eb90068\"><span class=\"gb-accordion__toggle-icon-open\"><svg aria-hidden=\"true\" viewbox=\"0 0 256 256\"><rect width=\"256\" height=\"256\" fill=\"none\" \/><polyline points=\"208 96 128 176 48 96\" fill=\"none\" stroke=\"currentColor\" stroke-linecap=\"round\" stroke-linejoin=\"round\" stroke-width=\"16\" \/><\/svg><\/span><span class=\"gb-accordion__toggle-icon-close\"><svg aria-hidden=\"true\" viewbox=\"0 0 256 256\"><rect width=\"256\" height=\"256\" fill=\"none\" \/><polyline points=\"48 160 128 80 208 160\" fill=\"none\" stroke=\"currentColor\" stroke-linecap=\"round\" stroke-linejoin=\"round\" stroke-width=\"16\" \/><\/svg><\/span><\/span>\n<\/div>\n\n\n\n<div class=\"gb-accordion__content\" id=\"gb-accordion-content-8f78ea9e\">\n<div class=\"gb-element-ef946d47\">\n<p class=\"gb-text\">S\u00ec<\/p>\n<\/div>\n<\/div>\n<\/div>\n\n\n\n<div class=\"gb-accordion__item gb-accordion__item-a0b4eb26\">\n<div role=\"button\" tabindex=\"0\" class=\"gb-accordion__toggle gb-accordion__toggle-7307ba06\" id=\"gb-accordion-toggle-7307ba06\">\n<h3 class=\"gb-text gb-text-51de02b1\">Quali sono le vostre condizioni di pagamento?<\/h3>\n\n\n\n<span class=\"gb-accordion__toggle-icon gb-accordion__toggle-icon-cb9c60ff\"><span class=\"gb-accordion__toggle-icon-open\"><svg aria-hidden=\"true\" viewbox=\"0 0 256 256\"><rect width=\"256\" height=\"256\" fill=\"none\" \/><polyline points=\"208 96 128 176 48 96\" fill=\"none\" stroke=\"currentColor\" stroke-linecap=\"round\" stroke-linejoin=\"round\" stroke-width=\"16\" \/><\/svg><\/span><span class=\"gb-accordion__toggle-icon-close\"><svg aria-hidden=\"true\" viewbox=\"0 0 256 256\"><rect width=\"256\" height=\"256\" fill=\"none\" \/><polyline points=\"48 160 128 80 208 160\" fill=\"none\" stroke=\"currentColor\" stroke-linecap=\"round\" stroke-linejoin=\"round\" stroke-width=\"16\" \/><\/svg><\/span><\/span>\n<\/div>\n\n\n\n<div class=\"gb-accordion__content\" id=\"gb-accordion-content-7fbe1dbe\">\n<div class=\"gb-element-931b419a\">\n<p class=\"gb-text\">T\/T, L\/C, Garanzia Commerciale (Di Alibaba), Western Union.\u00a0<\/p>\n<\/div>\n<\/div>\n<\/div>\n\n\n\n<div class=\"gb-accordion__item gb-accordion__item-8f290cda\">\n<div role=\"button\" tabindex=\"0\" class=\"gb-accordion__toggle gb-accordion__toggle-9f45591c\" id=\"gb-accordion-toggle-9f45591c\">\n<h3 class=\"gb-text gb-text-30716025\">Spedite direttamente dalla fabbrica?<\/h3>\n\n\n\n<span class=\"gb-accordion__toggle-icon gb-accordion__toggle-icon-6c26364e\"><span class=\"gb-accordion__toggle-icon-open\"><svg aria-hidden=\"true\" viewbox=\"0 0 256 256\"><rect width=\"256\" height=\"256\" fill=\"none\" \/><polyline points=\"208 96 128 176 48 96\" fill=\"none\" stroke=\"currentColor\" stroke-linecap=\"round\" stroke-linejoin=\"round\" stroke-width=\"16\" \/><\/svg><\/span><span class=\"gb-accordion__toggle-icon-close\"><svg aria-hidden=\"true\" viewbox=\"0 0 256 256\"><rect width=\"256\" height=\"256\" fill=\"none\" \/><polyline points=\"48 160 128 80 208 160\" fill=\"none\" stroke=\"currentColor\" stroke-linecap=\"round\" stroke-linejoin=\"round\" stroke-width=\"16\" \/><\/svg><\/span><\/span>\n<\/div>\n\n\n\n<div class=\"gb-accordion__content\" id=\"gb-accordion-content-d9a650e7\">\n<div class=\"gb-element-a38bd0ba\">\n<p class=\"gb-text\">S\u00ec, offriamo spedizioni dirette dalla fabbrica al cliente. Questo elimina i costi degli intermediari, garantisce i tempi di consegna pi\u00f9 rapidi e assicura che riceviate attrezzature autentiche direttamente dal nostro stabilimento produttivo.<\/p>\n<\/div>\n<\/div>\n<\/div>\n\n\n\n<div class=\"gb-accordion__item gb-accordion__item-e3a6d419\">\n<div role=\"button\" tabindex=\"0\" class=\"gb-accordion__toggle gb-accordion__toggle-120811a2\" id=\"gb-accordion-toggle-120811a2\">\n<h3 class=\"gb-text gb-text-0ebb7054\">Che tipi di motori o fonti di alimentazione offrite?<\/h3>\n\n\n\n<span class=\"gb-accordion__toggle-icon gb-accordion__toggle-icon-84ce29a5\"><span class=\"gb-accordion__toggle-icon-open\"><svg aria-hidden=\"true\" viewbox=\"0 0 256 256\"><rect width=\"256\" height=\"256\" fill=\"none\" \/><polyline points=\"208 96 128 176 48 96\" fill=\"none\" stroke=\"currentColor\" stroke-linecap=\"round\" stroke-linejoin=\"round\" stroke-width=\"16\" \/><\/svg><\/span><span class=\"gb-accordion__toggle-icon-close\"><svg aria-hidden=\"true\" viewbox=\"0 0 256 256\"><rect width=\"256\" height=\"256\" fill=\"none\" \/><polyline points=\"48 160 128 80 208 160\" fill=\"none\" stroke=\"currentColor\" stroke-linecap=\"round\" stroke-linejoin=\"round\" stroke-width=\"16\" \/><\/svg><\/span><\/span>\n<\/div>\n\n\n\n<div class=\"gb-accordion__content\" id=\"gb-accordion-content-97a95b40\">\n<div class=\"gb-element-29f164f5\">\n<p class=\"gb-text\">Forniamo opzioni di alimentazione versatili, inclusi Motori Elettrici, Motori a Benzina e Motori Diesel, per adattarsi a diversi ambienti operativi, sia che abbiate accesso a una rete elettrica stabile o abbiate bisogno di una soluzione mobile e indipendente.<\/p>\n<\/div>\n<\/div>\n<\/div>\n<\/div>\n<\/div>\n\n\n\n<h4 class=\"gb-text gb-text-3ad45bbc\">Avete ancora domande? Contattate subito i nostri ingegneri.<\/h4>\n<\/div>\n<\/div>\n\n\n\n<div class=\"gb-element-56dd9cd3\">\n<div class=\"gb-element-461c62ce\">\n<div class=\"gb-element-ce1c8943\">\n<h2 class=\"gb-text gb-text-b77016f9\">Pronto a Elevare la Tua Efficienza di Pulizia?<\/h2>\n\n\n\n<p class=\"gb-text gb-text-cd046e06\"><strong>Scopri la potenza delle soluzioni ad alta pressione progettate con precisione.<\/strong><\/p>\n\n\n\n<div class=\"gb-element-b20c235d\">\n<a class=\"gb-text gb-text-5463eb76\" href=\"#popmake-36\"><strong>Richiedi un Preventivo Gratuito<\/strong><\/a>\n<\/div>\n<\/div>\n<\/div>\n<\/div>\n\n\n\n<p><\/p>","protected":false},"excerpt":{"rendered":"<p>Il Tuo Partner Globale per l'Eccellenza nella Pulizia Industriale Soluzioni industriali ad alta pressione per carichi pesanti, progettate per prestazioni ineccepibili e massima durata in qualsiasi ambiente. Fondata nel 2012, disponiamo di un team di R&amp;D indipendente. In qualit\u00e0 di azienda high-tech che integra ricerca, produzione e vendita, offriamo attrezzature integrate come macchine per pulizia automatica, robot di pulizia intelligenti, sistemi di pulizia ad ultra-alta pressione, pulizia di condutture\u2026 <a title=\"Chi Siamo\" class=\"read-more\" href=\"https:\/\/highpressurecleaningmachine.com\/it\/about-us\/\" aria-label=\"Per saperne di pi\u00f9 su Chi Siamo\">Leggi di pi\u00f9<\/a><\/p>","protected":false},"author":1,"featured_media":0,"parent":0,"menu_order":0,"comment_status":"closed","ping_status":"closed","template":"","meta":{"footnotes":""},"class_list":["post-138","page","type-page","status-publish"],"_links":{"self":[{"href":"https:\/\/highpressurecleaningmachine.com\/it\/wp-json\/wp\/v2\/pages\/138","targetHints":{"allow":["GET"]}}],"collection":[{"href":"https:\/\/highpressurecleaningmachine.com\/it\/wp-json\/wp\/v2\/pages"}],"about":[{"href":"https:\/\/highpressurecleaningmachine.com\/it\/wp-json\/wp\/v2\/types\/page"}],"author":[{"embeddable":true,"href":"https:\/\/highpressurecleaningmachine.com\/it\/wp-json\/wp\/v2\/users\/1"}],"replies":[{"embeddable":true,"href":"https:\/\/highpressurecleaningmachine.com\/it\/wp-json\/wp\/v2\/comments?post=138"}],"version-history":[{"count":9,"href":"https:\/\/highpressurecleaningmachine.com\/it\/wp-json\/wp\/v2\/pages\/138\/revisions"}],"predecessor-version":[{"id":205,"href":"https:\/\/highpressurecleaningmachine.com\/it\/wp-json\/wp\/v2\/pages\/138\/revisions\/205"}],"wp:attachment":[{"href":"https:\/\/highpressurecleaningmachine.com\/it\/wp-json\/wp\/v2\/media?parent=138"}],"curies":[{"name":"wp","href":"https:\/\/api.w.org\/{rel}","templated":true}]}}